{"id":1923,"date":"2024-07-04T20:34:33","date_gmt":"2024-07-04T20:34:33","guid":{"rendered":"https:\/\/metzineres.org\/research\/"},"modified":"2024-12-30T21:53:34","modified_gmt":"2024-12-30T21:53:34","slug":"investigacio","status":"publish","type":"page","link":"http:\/\/metzineres.org\/ca\/investigacio\/","title":{"rendered":"Investigaci\u00f3"},"content":{"rendered":"\t\t<div data-elementor-type=\"wp-page\" data-elementor-id=\"1923\" class=\"elementor elementor-1923 elementor-375\">\n\t\t\t\t\t\t\t\t\t<section class=\"elementor-section elementor-top-section elementor-element elementor-element-17276f0 elementor-section-full_width elementor-section-stretched elementor-section-height-default elementor-section-height-default\" data-id=\"17276f0\" data-element_type=\"section\" data-settings=\"{&quot;stretch_section&quot;:&quot;section-stretched&quot;,&quot;background_background&quot;:&quot;classic&quot;}\">\n\t\t\t\t\t\t\t<div class=\"elementor-background-overlay\"><\/div>\n\t\t\t\t\t\t\t<div class=\"elementor-container elementor-column-gap-no\">\n\t\t\t\t\t<div class=\"aux-parallax-section elementor-column elementor-col-100 elementor-top-column elementor-element elementor-element-54c8a30\" data-id=\"54c8a30\" data-element_type=\"column\" data-settings=\"{&quot;background_background&quot;:&quot;classic&quot;}\">\n\t\t\t<div class=\"elementor-widget-wrap elementor-element-populated\">\n\t\t\t\t\t<div class=\"elementor-background-overlay\"><\/div>\n\t\t\t\t\t\t\t\t<div class=\"elementor-element elementor-element-70c2915 elementor-widget elementor-widget-heading\" data-id=\"70c2915\" data-element_type=\"widget\" data-widget_type=\"heading.default\">\n\t\t\t\t<div class=\"elementor-widget-container\">\n\t\t\t<style>\/*! elementor - v3.6.5 - 27-04-2022 *\/\n.elementor-heading-title{padding:0;margin:0;line-height:1}.elementor-widget-heading .elementor-heading-title[class*=elementor-size-]>a{color:inherit;font-size:inherit;line-height:inherit}.elementor-widget-heading .elementor-heading-title.elementor-size-small{font-size:15px}.elementor-widget-heading .elementor-heading-title.elementor-size-medium{font-size:19px}.elementor-widget-heading .elementor-heading-title.elementor-size-large{font-size:29px}.elementor-widget-heading .elementor-heading-title.elementor-size-xl{font-size:39px}.elementor-widget-heading .elementor-heading-title.elementor-size-xxl{font-size:59px}<\/style><h1 class=\"elementor-heading-title elementor-size-default\">Investigaci\u00f3<\/h1>\t\t<\/div>\n\t\t\t\t<\/div>\n\t\t\t\t\t<\/div>\n\t\t<\/div>\n\t\t\t\t\t\t\t<\/div>\n\t\t<\/section>\n\t\t\t\t<section class=\"elementor-section elementor-top-section elementor-element elementor-element-1ae1ee5 elementor-section-boxed elementor-section-height-default elementor-section-height-default\" data-id=\"1ae1ee5\" data-element_type=\"section\">\n\t\t\t\t\t\t<div class=\"elementor-container elementor-column-gap-default\">\n\t\t\t\t\t<div class=\"aux-parallax-section elementor-column elementor-col-100 elementor-top-column elementor-element elementor-element-11d6a03\" data-id=\"11d6a03\" data-element_type=\"column\">\n\t\t\t<div class=\"elementor-widget-wrap elementor-element-populated\">\n\t\t\t\t\t\t\t\t<div class=\"elementor-element elementor-element-d0fdffe elementor-widget elementor-widget-heading\" data-id=\"d0fdffe\" data-element_type=\"widget\" data-widget_type=\"heading.default\">\n\t\t\t\t<div class=\"elementor-widget-container\">\n\t\t\t<h1 class=\"elementor-heading-title elementor-size-default\">Generem evid\u00e8ncia, gestionem coneixement\n<\/h1>\t\t<\/div>\n\t\t\t\t<\/div>\n\t\t\t\t<div class=\"elementor-element elementor-element-59b2f6e elementor-widget elementor-widget-text-editor\" data-id=\"59b2f6e\" data-element_type=\"widget\" data-widget_type=\"text-editor.default\">\n\t\t\t\t<div class=\"elementor-widget-container\">\n\t\t\t<style>\/*! elementor - v3.6.5 - 27-04-2022 *\/\n.elementor-widget-text-editor.elementor-drop-cap-view-stacked .elementor-drop-cap{background-color:#818a91;color:#fff}.elementor-widget-text-editor.elementor-drop-cap-view-framed .elementor-drop-cap{color:#818a91;border:3px solid;background-color:transparent}.elementor-widget-text-editor:not(.elementor-drop-cap-view-default) .elementor-drop-cap{margin-top:8px}.elementor-widget-text-editor:not(.elementor-drop-cap-view-default) .elementor-drop-cap-letter{width:1em;height:1em}.elementor-widget-text-editor .elementor-drop-cap{float:left;text-align:center;line-height:1;font-size:50px}.elementor-widget-text-editor .elementor-drop-cap-letter{display:inline-block}<\/style>\t\t\t\t<p>La responsabilitat d\u2019originar informaci\u00f3 genu\u00efna, acurada i actualitzada sobre donxs que usen drogues sobrevivint viol\u00e8ncies ens fa dotar d\u2019instruments d\u2019investigaci\u00f3 no intrusius, respectuosos d\u2019intimitat, confidencialitat i anonimat.<\/p><p>Generem i donem seguiment a indicadors, a partir d\u2019elements significatius per les donxs, que donen conta de les seves realitats i de l\u2019impacte de les pol\u00edtiques i pr\u00e0ctiques que incideixen en la seva quotidianitat, aix\u00ed com de les pr\u00f2pies actuacions de Metzineres<\/p><p>Aplicar el monitoratge com a proc\u00e9s rutinari, m\u00e9s que de manera finalista, permet con\u00e8ixer la disponibilitat, la cobertura, la qualitat i la rellev\u00e0ncia de les intervencions. Fent-ne una revisi\u00f3 rigorosa es prenen decisions pragm\u00e0tiques per tal de reconfigurar constantment Metzineres a conjuntures i poblacions en les que es vol repercutir.<\/p>\t\t\t\t\t\t<\/div>\n\t\t\t\t<\/div>\n\t\t\t\t\t<\/div>\n\t\t<\/div>\n\t\t\t\t\t\t\t<\/div>\n\t\t<\/section>\n\t\t\t\t<section class=\"elementor-section elementor-top-section elementor-element elementor-element-a701a66 elementor-section-boxed elementor-section-height-default elementor-section-height-default\" data-id=\"a701a66\" data-element_type=\"section\" data-settings=\"{&quot;background_background&quot;:&quot;classic&quot;,&quot;shape_divider_top&quot;:&quot;triangle-asymmetrical&quot;,&quot;shape_divider_bottom&quot;:&quot;triangle-asymmetrical&quot;}\">\n\t\t\t\t\t<div class=\"elementor-shape elementor-shape-top\" data-negative=\"false\">\n\t\t\t<svg xmlns=\"http:\/\/www.w3.org\/2000\/svg\" viewBox=\"0 0 1000 100\" preserveAspectRatio=\"none\">\n\t<path class=\"elementor-shape-fill\" d=\"M738,99l262-93V0H0v5.6L738,99z\"\/>\n<\/svg>\t\t<\/div>\n\t\t\t\t<div class=\"elementor-shape elementor-shape-bottom\" data-negative=\"false\">\n\t\t\t<svg xmlns=\"http:\/\/www.w3.org\/2000\/svg\" viewBox=\"0 0 1000 100\" preserveAspectRatio=\"none\">\n\t<path class=\"elementor-shape-fill\" d=\"M738,99l262-93V0H0v5.6L738,99z\"\/>\n<\/svg>\t\t<\/div>\n\t\t\t\t\t<div class=\"elementor-container elementor-column-gap-default\">\n\t\t\t\t\t<div class=\"aux-parallax-section elementor-column elementor-col-100 elementor-top-column elementor-element elementor-element-e5284a1\" data-id=\"e5284a1\" data-element_type=\"column\">\n\t\t\t<div class=\"elementor-widget-wrap elementor-element-populated\">\n\t\t\t\t\t\t\t\t<div class=\"elementor-element elementor-element-d8e465e elementor-widget elementor-widget-heading\" data-id=\"d8e465e\" data-element_type=\"widget\" data-widget_type=\"heading.default\">\n\t\t\t\t<div class=\"elementor-widget-container\">\n\t\t\t<h1 class=\"elementor-heading-title elementor-size-default\">Algunes dades\n<\/h1>\t\t<\/div>\n\t\t\t\t<\/div>\n\t\t\t\t\t<\/div>\n\t\t<\/div>\n\t\t\t\t\t\t\t<\/div>\n\t\t<\/section>\n\t\t\t\t<section class=\"elementor-section elementor-top-section elementor-element elementor-element-89c34ea elementor-section-boxed elementor-section-height-default elementor-section-height-default\" data-id=\"89c34ea\" data-element_type=\"section\">\n\t\t\t\t\t\t<div class=\"elementor-container elementor-column-gap-default\">\n\t\t\t\t\t<div class=\"aux-parallax-section elementor-column elementor-col-100 elementor-top-column elementor-element elementor-element-72e76e8\" data-id=\"72e76e8\" data-element_type=\"column\">\n\t\t\t<div class=\"elementor-widget-wrap elementor-element-populated\">\n\t\t\t\t\t\t\t\t<div class=\"elementor-element elementor-element-92ac573 elementor-widget elementor-widget-html\" data-id=\"92ac573\" data-element_type=\"widget\" data-widget_type=\"html.default\">\n\t\t\t\t<div class=\"elementor-widget-container\">\n\t\t\t<iframe src=\"https:\/\/intranet.metzineres.net\/novaweb\/investigacio-ca.html\" \n        style=\"border:0px #ffffff none;\" \n        scrolling=\"no\" \n        frameborder=\"1\" \n        marginheight=\"0px\" \n        marginwidth=\"0px\">\n<\/iframe>\n\n\t\t<\/div>\n\t\t\t\t<\/div>\n\t\t\t\t\t<\/div>\n\t\t<\/div>\n\t\t\t\t\t\t\t<\/div>\n\t\t<\/section>\n\t\t\t\t\t\t\t<\/div>\n\t\t","protected":false},"excerpt":{"rendered":"<p>Investigaci\u00f3 Generem evid\u00e8ncia, gestionem coneixement La responsabilitat d\u2019originar informaci\u00f3 genu\u00efna, acurada i actualitzada sobre donxs que usen drogues sobrevivint viol\u00e8ncies ens fa dotar d\u2019instruments d\u2019investigaci\u00f3 no intrusius, respectuosos d\u2019intimitat, confidencialitat i anonimat. Generem i donem seguiment a indicadors, a partir d\u2019elements significatius per les donxs, que donen conta de les seves realitats i de l\u2019impacte [&hellip;]<\/p>\n","protected":false},"author":1,"featured_media":0,"parent":0,"menu_order":0,"comment_status":"closed","ping_status":"closed","template":"elementor_header_footer","meta":{"footnotes":"","_links_to":"","_links_to_target":""},"class_list":["post-1923","page","type-page","status-publish","hentry"],"_links":{"self":[{"href":"http:\/\/metzineres.org\/ca\/wp-json\/wp\/v2\/pages\/1923","targetHints":{"allow":["GET"]}}],"collection":[{"href":"http:\/\/metzineres.org\/ca\/wp-json\/wp\/v2\/pages"}],"about":[{"href":"http:\/\/metzineres.org\/ca\/wp-json\/wp\/v2\/types\/page"}],"author":[{"embeddable":true,"href":"http:\/\/metzineres.org\/ca\/wp-json\/wp\/v2\/users\/1"}],"replies":[{"embeddable":true,"href":"http:\/\/metzineres.org\/ca\/wp-json\/wp\/v2\/comments?post=1923"}],"version-history":[{"count":4,"href":"http:\/\/metzineres.org\/ca\/wp-json\/wp\/v2\/pages\/1923\/revisions"}],"predecessor-version":[{"id":1930,"href":"http:\/\/metzineres.org\/ca\/wp-json\/wp\/v2\/pages\/1923\/revisions\/1930"}],"wp:attachment":[{"href":"http:\/\/metzineres.org\/ca\/wp-json\/wp\/v2\/media?parent=1923"}],"curies":[{"name":"wp","href":"https:\/\/api.w.org\/{rel}","templated":true}]}}