{"id":1983,"date":"2024-10-08T04:31:51","date_gmt":"2024-10-08T04:31:51","guid":{"rendered":"https:\/\/metzineres.org\/work_with_us\/"},"modified":"2025-04-07T15:36:07","modified_gmt":"2025-04-07T15:36:07","slug":"treballa_amb_nosaltres","status":"publish","type":"page","link":"https:\/\/metzineres.org\/ca\/treballa_amb_nosaltres\/","title":{"rendered":"Treballa amb nosaltres"},"content":{"rendered":"\t\t<div data-elementor-type=\"wp-page\" data-elementor-id=\"1983\" class=\"elementor elementor-1983 elementor-833\">\n\t\t\t\t\t\t\t\t\t<section class=\"elementor-section elementor-top-section elementor-element elementor-element-17276f0 elementor-section-full_width elementor-section-stretched elementor-section-height-default elementor-section-height-default\" data-id=\"17276f0\" data-element_type=\"section\" data-settings=\"{&quot;stretch_section&quot;:&quot;section-stretched&quot;,&quot;background_background&quot;:&quot;classic&quot;}\">\n\t\t\t\t\t\t\t<div class=\"elementor-background-overlay\"><\/div>\n\t\t\t\t\t\t\t<div class=\"elementor-container elementor-column-gap-no\">\n\t\t\t\t\t<div class=\"aux-parallax-section elementor-column elementor-col-100 elementor-top-column elementor-element elementor-element-54c8a30\" data-id=\"54c8a30\" data-element_type=\"column\" data-settings=\"{&quot;background_background&quot;:&quot;classic&quot;}\">\n\t\t\t<div class=\"elementor-widget-wrap elementor-element-populated\">\n\t\t\t\t\t<div class=\"elementor-background-overlay\"><\/div>\n\t\t\t\t\t\t\t\t<div class=\"elementor-element elementor-element-70c2915 elementor-widget elementor-widget-heading\" data-id=\"70c2915\" data-element_type=\"widget\" data-widget_type=\"heading.default\">\n\t\t\t\t<div class=\"elementor-widget-container\">\n\t\t\t<style>\/*! elementor - v3.6.5 - 27-04-2022 *\/\n.elementor-heading-title{padding:0;margin:0;line-height:1}.elementor-widget-heading .elementor-heading-title[class*=elementor-size-]>a{color:inherit;font-size:inherit;line-height:inherit}.elementor-widget-heading .elementor-heading-title.elementor-size-small{font-size:15px}.elementor-widget-heading .elementor-heading-title.elementor-size-medium{font-size:19px}.elementor-widget-heading .elementor-heading-title.elementor-size-large{font-size:29px}.elementor-widget-heading .elementor-heading-title.elementor-size-xl{font-size:39px}.elementor-widget-heading .elementor-heading-title.elementor-size-xxl{font-size:59px}<\/style><h1 class=\"elementor-heading-title elementor-size-default\">Treballa amb nosaltres\n<\/h1>\t\t<\/div>\n\t\t\t\t<\/div>\n\t\t\t\t\t<\/div>\n\t\t<\/div>\n\t\t\t\t\t\t\t<\/div>\n\t\t<\/section>\n\t\t\t\t<section class=\"elementor-section elementor-top-section elementor-element elementor-element-1ae1ee5 elementor-section-boxed elementor-section-height-default elementor-section-height-default\" data-id=\"1ae1ee5\" data-element_type=\"section\">\n\t\t\t\t\t\t<div class=\"elementor-container elementor-column-gap-default\">\n\t\t\t\t\t<div class=\"aux-parallax-section elementor-column elementor-col-100 elementor-top-column elementor-element elementor-element-11d6a03\" data-id=\"11d6a03\" data-element_type=\"column\">\n\t\t\t<div class=\"elementor-widget-wrap elementor-element-populated\">\n\t\t\t\t\t\t\t\t<div class=\"elementor-element elementor-element-815f046 elementor-widget elementor-widget-heading\" data-id=\"815f046\" data-element_type=\"widget\" data-widget_type=\"heading.default\">\n\t\t\t\t<div class=\"elementor-widget-container\">\n\t\t\t<h1 class=\"elementor-heading-title elementor-size-default\">Ofertes laborals actives\n<\/h1>\t\t<\/div>\n\t\t\t\t<\/div>\n\t\t\t\t<div class=\"elementor-element elementor-element-fc46fd4 elementor-grid-eael-col-3 elementor-grid-tablet-eael-col-2 elementor-grid-mobile-eael-col-1 elementor-widget elementor-widget-eael-post-grid\" data-id=\"fc46fd4\" data-element_type=\"widget\" data-settings=\"{&quot;eael_post_grid_columns&quot;:&quot;eael-col-3&quot;,&quot;eael_post_grid_columns_tablet&quot;:&quot;eael-col-2&quot;,&quot;eael_post_grid_columns_mobile&quot;:&quot;eael-col-1&quot;}\" data-widget_type=\"eael-post-grid.default\">\n\t\t\t\t<div class=\"elementor-widget-container\">\n\t\t\t<div id=\"eael-post-grid-fc46fd4\" class=\"eael-post-grid-container\">\n            <div class=\"eael-post-grid eael-post-appender eael-post-appender-fc46fd4 eael-post-grid-style-two\" data-layout-mode=\"grid\"><article class=\"eael-grid-post eael-post-grid-column\" data-id=\"4281\">\n        <div class=\"eael-grid-post-holder\">\n            <div class=\"eael-grid-post-holder-inner\"><div class=\"eael-entry-media\"><div class=\"eael-entry-overlay fade-in\"><i class=\"fas fa-plus-circle\" aria-hidden=\"true\"><\/i><a href=\"https:\/\/metzineres.org\/ca\/oferta-laboral-a-metzineres-tecnica-de-projectes\/\"><\/a><\/div><div class=\"eael-entry-thumbnail eael-image-ratio\">\n                                <img loading=\"lazy\" decoding=\"async\" width=\"600\" height=\"400\" src=\"https:\/\/metzineres.org\/wp-content\/uploads\/2025\/03\/Busquem-Tecnica-de-projectes.png\" class=\"attachment-full size-full\" alt=\"\" \/>\n                              <\/div>\n                      <\/div><div class=\"eael-entry-wrapper\"><header class=\"eael-entry-header\"><h2 class=\"eael-entry-title\"><a\n                                    class=\"eael-grid-post-link\"\n                                    href=\"https:\/\/metzineres.org\/ca\/oferta-laboral-a-metzineres-tecnica-de-projectes\/\"\n                                    title=\"Oferta laboral a Metzineres &#8211; T\u00e8cnica de projectes\">Oferta laboral a Metzineres &#8211; T\u00e8cnica de projectes<\/a><\/h2><\/header><div class=\"eael-entry-content\">\n                                    <div class=\"eael-grid-post-excerpt\"><a\n                                        href=\"https:\/\/metzineres.org\/ca\/oferta-laboral-a-metzineres-tecnica-de-projectes\/\"\n                                        class=\"eael-post-elements-readmore-btn\">Llegir m\u00e9s<\/a><\/div>\n                                <\/div><div class=\"eael-entry-header-after style-two\"><div class=\"eael-entry-meta\"><span class=\"eael-meta-posted-on\"><i class=\"far fa-clock\"><\/i><time datetime=\"abril 16, 2026\">abril 16, 2026<\/time><\/span><\/div><\/div><\/div><\/div>\n        <\/div>\n    <\/article><\/div>\n            <div class=\"clearfix\"><\/div>\n        <\/div>\t\t<\/div>\n\t\t\t\t<\/div>\n\t\t\t\t\t<\/div>\n\t\t<\/div>\n\t\t\t\t\t\t\t<\/div>\n\t\t<\/section>\n\t\t\t\t<section class=\"elementor-section elementor-top-section elementor-element elementor-element-0fc0d84 elementor-section-boxed elementor-section-height-default elementor-section-height-default\" data-id=\"0fc0d84\" data-element_type=\"section\" data-settings=\"{&quot;background_background&quot;:&quot;classic&quot;,&quot;shape_divider_top&quot;:&quot;tilt&quot;,&quot;shape_divider_bottom&quot;:&quot;triangle-asymmetrical&quot;}\">\n\t\t\t\t\t<div class=\"elementor-shape elementor-shape-top\" data-negative=\"false\">\n\t\t\t<svg xmlns=\"http:\/\/www.w3.org\/2000\/svg\" viewBox=\"0 0 1000 100\" preserveAspectRatio=\"none\">\n\t<path class=\"elementor-shape-fill\" d=\"M0,6V0h1000v100L0,6z\"\/>\n<\/svg>\t\t<\/div>\n\t\t\t\t<div class=\"elementor-shape elementor-shape-bottom\" data-negative=\"false\">\n\t\t\t<svg xmlns=\"http:\/\/www.w3.org\/2000\/svg\" viewBox=\"0 0 1000 100\" preserveAspectRatio=\"none\">\n\t<path class=\"elementor-shape-fill\" d=\"M738,99l262-93V0H0v5.6L738,99z\"\/>\n<\/svg>\t\t<\/div>\n\t\t\t\t\t<div class=\"elementor-container elementor-column-gap-default\">\n\t\t\t\t\t<div class=\"aux-parallax-section elementor-column elementor-col-100 elementor-top-column elementor-element elementor-element-86667e6\" data-id=\"86667e6\" data-element_type=\"column\">\n\t\t\t<div class=\"elementor-widget-wrap elementor-element-populated\">\n\t\t\t\t\t\t\t\t<div class=\"elementor-element elementor-element-67ba85d elementor-widget elementor-widget-heading\" data-id=\"67ba85d\" data-element_type=\"widget\" data-widget_type=\"heading.default\">\n\t\t\t\t<div class=\"elementor-widget-container\">\n\t\t\t<h1 class=\"elementor-heading-title elementor-size-default\">Borsa de treball<\/h1>\t\t<\/div>\n\t\t\t\t<\/div>\n\t\t\t\t<div class=\"elementor-element elementor-element-cc7c0a5 elementor-widget elementor-widget-text-editor\" data-id=\"cc7c0a5\" data-element_type=\"widget\" data-widget_type=\"text-editor.default\">\n\t\t\t\t<div class=\"elementor-widget-container\">\n\t\t\t<style>\/*! elementor - v3.6.5 - 27-04-2022 *\/\n.elementor-widget-text-editor.elementor-drop-cap-view-stacked .elementor-drop-cap{background-color:#818a91;color:#fff}.elementor-widget-text-editor.elementor-drop-cap-view-framed .elementor-drop-cap{color:#818a91;border:3px solid;background-color:transparent}.elementor-widget-text-editor:not(.elementor-drop-cap-view-default) .elementor-drop-cap{margin-top:8px}.elementor-widget-text-editor:not(.elementor-drop-cap-view-default) .elementor-drop-cap-letter{width:1em;height:1em}.elementor-widget-text-editor .elementor-drop-cap{float:left;text-align:center;line-height:1;font-size:50px}.elementor-widget-text-editor .elementor-drop-cap-letter{display:inline-block}<\/style>\t\t\t\t<p>A Metzineres valorem, per damunt de tot, que les persones siguin emp\u00e0tiques, tinguin una actitud positiva davant la vida i s\u2019enfrontin als reptes amb humor i picardia. A m\u00e9s a m\u00e9s, per a nosaltres \u00e9s essencial la implicaci\u00f3 a trav\u00e9s de la paci\u00e8ncia i l\u2019escolta activa.<\/p><p>D\u2019altra banda, hem decidit posar en valor no \u00fanicament els coneixements t\u00e8cnics i acad\u00e8mics, sin\u00f3 tamb\u00e9 l\u2019experi\u00e8ncia viscuda de dones i persones de g\u00e8nere divers que usen drogues; que hagin passat per processos migratoris, racialitzades, treballadores sexuals, LGTBIA+, supervivents a viol\u00e8ncies, etc.<\/p><p>Aix\u00ed doncs, si et sents identificada amb el que s\u2019ha dit anteriorment; t\u2019agrada compartir el que saps amb altres; tens il\u00b7lusi\u00f3 per mantenir i enfortir la coher\u00e8ncia en la teva organitzaci\u00f3 de manera sostenible; ets resolutiva, recursiva i curiosa; tens capacitat d\u2019improvisaci\u00f3; t\u2019agrada aprendre i innovar, aix\u00ed com establir lla\u00e7os interpersonals aut\u00e8ntics i honestos; tens iniciativa i pensament cr\u00edtic; et sents c\u00f2moda provant, fallant i aprenent dels errors i les experi\u00e8ncies per fer-ho millor la propera vegada&#8230;<\/p><p>Envia\u2019ns la teva candidatura completant el seg\u00fcent formulari! Et tindrem en compte en cas de cercar personal del teu perfil, ja sigui per proposar-te un contracte fix o per realitzar substitucions.<\/p><p>No oblidis adjuntar documents que ens ajudin a con\u00e8ixer-te millor. Indispensable el teu curr\u00edculum i una carta de motivaci\u00f3. Si ho consideres oport\u00fa, pots agregar tamb\u00e9 una carta de recomanaci\u00f3 o una proposta de projecte.<\/p>\t\t\t\t\t\t<\/div>\n\t\t\t\t<\/div>\n\t\t\t\t<div class=\"elementor-element elementor-element-6864500 elementor-widget elementor-widget-spacer\" data-id=\"6864500\" data-element_type=\"widget\" data-widget_type=\"spacer.default\">\n\t\t\t\t<div class=\"elementor-widget-container\">\n\t\t\t<style>\/*! elementor - v3.6.5 - 27-04-2022 *\/\n.e-container.e-container--row .elementor-spacer-inner{width:var(--spacer-size)}.e-container.e-container--column .elementor-spacer-inner,.elementor-column .elementor-spacer-inner{height:var(--spacer-size)}<\/style>\t\t<div class=\"elementor-spacer\">\n\t\t\t<div class=\"elementor-spacer-inner\"><\/div>\n\t\t<\/div>\n\t\t\t\t<\/div>\n\t\t\t\t<\/div>\n\t\t\t\t\t<\/div>\n\t\t<\/div>\n\t\t\t\t\t\t\t<\/div>\n\t\t<\/section>\n\t\t\t\t<section class=\"elementor-section elementor-top-section elementor-element elementor-element-644e166 elementor-section-boxed elementor-section-height-default elementor-section-height-default\" data-id=\"644e166\" data-element_type=\"section\">\n\t\t\t\t\t\t<div class=\"elementor-container elementor-column-gap-default\">\n\t\t\t\t\t<div class=\"aux-parallax-section elementor-column elementor-col-100 elementor-top-column elementor-element elementor-element-19e4d0c\" data-id=\"19e4d0c\" data-element_type=\"column\">\n\t\t\t<div class=\"elementor-widget-wrap elementor-element-populated\">\n\t\t\t\t\t\t\t\t<div class=\"elementor-element elementor-element-2323309 elementor-widget elementor-widget-html\" data-id=\"2323309\" data-element_type=\"widget\" data-widget_type=\"html.default\">\n\t\t\t\t<div class=\"elementor-widget-container\">\n\t\t\t<iframe src=\"https:\/\/intranet.metzineres.net\/novaweb\/treballa_amb_nosaltres-ca.html\" \n        style=\"border:0px #ffffff none;\" \n        scrolling=\"no\" \n        frameborder=\"1\" \n        marginheight=\"0px\" \n        marginwidth=\"0px\">\n<\/iframe>\n\n\t\t<\/div>\n\t\t\t\t<\/div>\n\t\t\t\t\t<\/div>\n\t\t<\/div>\n\t\t\t\t\t\t\t<\/div>\n\t\t<\/section>\n\t\t\t\t\t\t\t<\/div>\n\t\t","protected":false},"excerpt":{"rendered":"<p>Treballa amb nosaltres Ofertes laborals actives Abogada con experiencia en la defensa jur\u00eddica de Derechos Humanos Llegir m\u00e9s diciembre 18, 2024 Borsa de treball A Metzineres valorem, per damunt de tot, que les persones siguin emp\u00e0tiques, tinguin una actitud positiva davant la vida i s\u2019enfrontin als reptes amb humor i picardia. A m\u00e9s a m\u00e9s, [&hellip;]<\/p>\n","protected":false},"author":1,"featured_media":0,"parent":0,"menu_order":0,"comment_status":"closed","ping_status":"closed","template":"elementor_header_footer","meta":{"footnotes":"","_links_to":"","_links_to_target":""},"class_list":["post-1983","page","type-page","status-publish","hentry"],"_links":{"self":[{"href":"https:\/\/metzineres.org\/ca\/wp-json\/wp\/v2\/pages\/1983","targetHints":{"allow":["GET"]}}],"collection":[{"href":"https:\/\/metzineres.org\/ca\/wp-json\/wp\/v2\/pages"}],"about":[{"href":"https:\/\/metzineres.org\/ca\/wp-json\/wp\/v2\/types\/page"}],"author":[{"embeddable":true,"href":"https:\/\/metzineres.org\/ca\/wp-json\/wp\/v2\/users\/1"}],"replies":[{"embeddable":true,"href":"https:\/\/metzineres.org\/ca\/wp-json\/wp\/v2\/comments?post=1983"}],"version-history":[{"count":20,"href":"https:\/\/metzineres.org\/ca\/wp-json\/wp\/v2\/pages\/1983\/revisions"}],"predecessor-version":[{"id":4443,"href":"https:\/\/metzineres.org\/ca\/wp-json\/wp\/v2\/pages\/1983\/revisions\/4443"}],"wp:attachment":[{"href":"https:\/\/metzineres.org\/ca\/wp-json\/wp\/v2\/media?parent=1983"}],"curies":[{"name":"wp","href":"https:\/\/api.w.org\/{rel}","templated":true}]}}