{"id":5311,"date":"2026-04-15T14:56:32","date_gmt":"2026-04-15T14:56:32","guid":{"rendered":"https:\/\/metzineres.org\/?page_id=5311"},"modified":"2026-04-15T15:07:47","modified_gmt":"2026-04-15T15:07:47","slug":"privadesa","status":"publish","type":"page","link":"https:\/\/metzineres.org\/ca\/privadesa\/","title":{"rendered":"Pol\u00edtica de privadesa"},"content":{"rendered":"\t\t<div data-elementor-type=\"wp-page\" data-elementor-id=\"5311\" class=\"elementor elementor-5311 elementor-5300\">\n\t\t\t\t\t\t\t\t\t<section class=\"elementor-section elementor-top-section elementor-element elementor-element-644e166 elementor-section-boxed elementor-section-height-default elementor-section-height-default\" data-id=\"644e166\" data-element_type=\"section\" data-settings=\"{&quot;background_background&quot;:&quot;classic&quot;}\">\n\t\t\t\t\t\t<div class=\"elementor-container elementor-column-gap-default\">\n\t\t\t\t\t<div class=\"aux-parallax-section elementor-column elementor-col-100 elementor-top-column elementor-element elementor-element-19e4d0c\" data-id=\"19e4d0c\" data-element_type=\"column\" data-settings=\"{&quot;background_background&quot;:&quot;classic&quot;}\">\n\t\t\t<div class=\"elementor-widget-wrap elementor-element-populated\">\n\t\t\t\t\t\t\t\t<div class=\"elementor-element elementor-element-70c2915 elementor-widget elementor-widget-heading\" data-id=\"70c2915\" data-element_type=\"widget\" data-widget_type=\"heading.default\">\n\t\t\t\t<div class=\"elementor-widget-container\">\n\t\t\t<style>\/*! elementor - v3.6.5 - 27-04-2022 *\/\n.elementor-heading-title{padding:0;margin:0;line-height:1}.elementor-widget-heading .elementor-heading-title[class*=elementor-size-]>a{color:inherit;font-size:inherit;line-height:inherit}.elementor-widget-heading .elementor-heading-title.elementor-size-small{font-size:15px}.elementor-widget-heading .elementor-heading-title.elementor-size-medium{font-size:19px}.elementor-widget-heading .elementor-heading-title.elementor-size-large{font-size:29px}.elementor-widget-heading .elementor-heading-title.elementor-size-xl{font-size:39px}.elementor-widget-heading .elementor-heading-title.elementor-size-xxl{font-size:59px}<\/style><h1 class=\"elementor-heading-title elementor-size-default\">pol\u00edtica de privadesa<\/h1>\t\t<\/div>\n\t\t\t\t<\/div>\n\t\t\t\t<div class=\"elementor-element elementor-element-30721a0 elementor-widget elementor-widget-text-editor\" data-id=\"30721a0\" data-element_type=\"widget\" data-widget_type=\"text-editor.default\">\n\t\t\t\t<div class=\"elementor-widget-container\">\n\t\t\t<style>\/*! elementor - v3.6.5 - 27-04-2022 *\/\n.elementor-widget-text-editor.elementor-drop-cap-view-stacked .elementor-drop-cap{background-color:#818a91;color:#fff}.elementor-widget-text-editor.elementor-drop-cap-view-framed .elementor-drop-cap{color:#818a91;border:3px solid;background-color:transparent}.elementor-widget-text-editor:not(.elementor-drop-cap-view-default) .elementor-drop-cap{margin-top:8px}.elementor-widget-text-editor:not(.elementor-drop-cap-view-default) .elementor-drop-cap-letter{width:1em;height:1em}.elementor-widget-text-editor .elementor-drop-cap{float:left;text-align:center;line-height:1;font-size:50px}.elementor-widget-text-editor .elementor-drop-cap-letter{display:inline-block}<\/style>\t\t\t\t<p class=\"mb-40\">En compliment de la Llei 34\/2002, d\u201911 de juliol, de Serveis de la Societat de la Informaci\u00f3 i Comer\u00e7 Electr\u00f2nic (LSSI-CE), METZINERES SCCL informa que \u00e9s titular del lloc web www.metzineres.org. D\u2019acord amb l\u2019exig\u00e8ncia de l\u2019article 10 de l\u2019esmentada Llei, METZINERES informa de les seg\u00fcents dades: El titular d\u2019aquest lloc web \u00e9s METZINERES, amb CIF F01951714 i domicili social a JOAQUIM COSTA, 3, 4-1, 08001, BARCELONA, inscrita en el n\u00famero 15559 del Registre General de Cooperatives de Catalunya. L\u2019adre\u00e7a de correu electr\u00f2nic per contactar amb l\u2019empresa \u00e9s: metzineres@metzineres.org.<\/p><h3>Usuari i r\u00e8gim de responsabilitat<\/h3><p>La navegaci\u00f3, acc\u00e9s i \u00fas pel lloc web METZINERES confereix la condici\u00f3 d\u2019usuari, per la qual s\u2019accepten totes les condicions d\u2019\u00fas aqu\u00ed establertes, des de la navegaci\u00f3 per la p\u00e0gina web de METZINERES, sense perjudici de l\u2019aplicaci\u00f3 de la corresponent normativa d\u2019obligat compliment legal segons el cas.<\/p><p>El lloc web METZINERES proporciona un ampli ventall d\u2019informaci\u00f3, serveis i dades. L\u2019usuari assumeix la responsabilitat de l\u2019\u00fas correcte del lloc web. Aquesta responsabilitat s\u2019estendr\u00e0 a:<\/p><p>\u2022 La veracitat i licitud de la informaci\u00f3 facilitada per l\u2019usuari en els formularis estesos per METZINERES per a l\u2019acc\u00e9s a determinats continguts o serveis oferts pel lloc web. L&#8217;usuari ser\u00e0 l&#8217;\u00fanic responsable de qualsevol perjudici, directe o indirecte, que pogu\u00e9s ocasionar a qualsevol persona a causa de l&#8217;emplenament del formulari amb dades falses, inexactes, incompletes, no actualitzades o relatives a una altra persona.<\/p><p>\u2022 L\u2019\u00fas de la informaci\u00f3, serveis i dades ofertes per METZINERES contr\u00e0riament al que disposen aquestes condicions, la Llei, la moral, els bons costums o l\u2019ordre p\u00fablic, o que de qualsevol altra manera puguin suposar lesi\u00f3 dels drets de tercers o del mateix funcionament del lloc web.<\/p><h3>Pol\u00edtica d\u2019enlla\u00e7os i exempcions de responsabilitat<\/h3><p>METZINERES no es fa responsable del contingut dels llocs web als que l\u2019usuari pugui accedir a trav\u00e9s dels enlla\u00e7os establerts en el seu lloc web i declara que en cap cas procedir\u00e0 a examinar o exercir cap tipus de control sobre el contingut d\u2019altres llocs de la xarxa. Aix\u00ed mateix, no garantir\u00e0 la disponibilitat t\u00e8cnica, exactitud, veracitat, validesa o legalitat de llocs aliens a la seva propietat als quals es pugui accedir a trav\u00e9s dels enlla\u00e7os.<\/p><p>METZINERES declara que ha adoptat totes les mesures necess\u00e0ries per evitar qualsevol dany als usuaris del seu lloc web, que poguessin derivar-se de la navegaci\u00f3 pel seu lloc web. En conseq\u00fc\u00e8ncia, METZINERES no es fa responsable, en cap cas, dels danys i perjudicis que pugui patir l\u2019usuari per la navegaci\u00f3 per Internet.<\/p><h3>Modificacions<\/h3><p>METZINERES es reserva el dret d\u2019efectuar les modificacions que consideri oportunes, sense previ av\u00eds, al contingut del seu lloc web. Tant pel que fa als continguts del lloc web, com en les condicions d\u2019\u00fas del mateix. Aquestes modificacions podran realitzar-se a trav\u00e9s del seu lloc web per qualsevol forma admissible en dret i seran d\u2019obligat compliment durant el temps en qu\u00e8 es trobin publicades al lloc web i fins que no siguin modificades v\u00e0lidament per altres posteriors.<\/p><h3>Protecci\u00f3 de dades<\/h3><p>METZINERES es compromet a assegurar que la seva informaci\u00f3 personal estigui protegida i no s\u2019utilitzi indegudament.<\/p><p>Aquest document explica qui \u00e9s el responsable de tractament, amb quina finalitat es tractar\u00e0 la seva informaci\u00f3 personal, la legitimaci\u00f3 per al tractament, com la recopilem, per qu\u00e8 la recopilem aix\u00ed com els drets que li assisteixen.<\/p><p>En facilitar-nos la seva informaci\u00f3 personal i utilitzar el nostre espai web entenem que ha llegit i compr\u00e8s els termes relacionats amb la informaci\u00f3 personal de protecci\u00f3 de dades de car\u00e0cter personal que a continuaci\u00f3 s\u2019exposen. METZINERES \u00e9s responsable de complir amb la legislaci\u00f3 vigent en mat\u00e8ria de protecci\u00f3 de dades tant nacional com europea i que tenen l\u2019objectiu de tractar les seves dades de manera l\u00edcita, lleial i transparent.<\/p><h4>1. Qui \u00e9s el Responsable de Tractament?<\/h4><p>METZINERES, SCCL amb CIF F01951714 i domicili social situat a JOAQUIM COSTA, 3, 4-1, 08001, BARCELONA amb perfil de Twitter @Metzineres_org i web www.metzineres.org.<\/p><p>Correu: protecciodedades@metzineres.org<\/p><h4>2. Dades objecte de tractament<\/h4><p><b>a. Donacions<\/b>: Quan realitza una donaci\u00f3 recopilem les dades necess\u00e0ries per a la execuci\u00f3 d\u2019aquesta donaci\u00f3. Les dades poden incloure el nom i cognoms, correu electr\u00f2nic i dades bancaries per executar la donaci\u00f3 com les dades de la targeta de cr\u00e8dit o d\u00e8bit. Per a l\u2019execuci\u00f3 de la donaci\u00f3 recopilem les dades de pagament que ens ha proporcionat, transferint \u00fanicament als nostres prove\u00efdors de serveis de pagament les dades necess\u00e0ries per a la seva tramitaci\u00f3.<\/p><p><b>b. Contacte<\/b>: Quan es posa en contacte amb METZINERES, b\u00e9 per qu\u00e8 vol estar informat de les nostres activitats b\u00e9 per que vol realitzar qualsevol altre tipus de contacte, a trav\u00e9s d\u2019aquesta web recopilem les seves dades de contacte com el nom i cognom, n\u00famero de tel\u00e8fon i direcci\u00f3 de correu electr\u00f2nic.<\/p><h4>3. Finalitats de tractament<\/h4><p>Les seves dades ens serveixen per a atendre les seg\u00fcents finalitats, la legitimitat respectiva de les quals \u00e9s:<\/p><p><b>a. Compliment d\u2019un contracte<\/b>: Es tracten les dades necess\u00e0ries per al compliment i gesti\u00f3 de les donacions efectuades.<\/p><p><b>b. Consentiment expr\u00e9s<\/b>: Per a poder tractar les seves dades es necessari que ens doni el seu consentiment, mitjan\u00e7ant el qual accepta que les seves dades siguin tractades per a una finalitat determinada com l\u2019enviament peri\u00f2dic de les noticies i informaci\u00f3 sobre la nostra Organitzaci\u00f3.<\/p><p><b>c. Compliment d\u2019obligacions legals<\/b>: Es tracta de tractaments que ens exigeix la Llei i que no podem incomplir com per exemple: col\u00b7laboraci\u00f3 amb els jutges i tribunals; col\u00b7laboraci\u00f3 amb la Autoritat de Protecci\u00f3 de Dades corresponent; compliment d\u2019obligacions tributaries i col\u00b7laboraci\u00f3 amb l\u2019Ag\u00e8ncia Estatal de l\u2019Administraci\u00f3 Tributaria; col\u00b7laboraci\u00f3 amb les forces i cossos de l\u2019Estat.<\/p><p><b>d. Inter\u00e8s leg\u00edtim<\/b>: En tot cas, l&#8217;informem que hem dut a terme una reflexi\u00f3 minuciosa sobre el valor de l&#8217;inter\u00e8s leg\u00edtim que ens empara en aquests tractaments de dades i l&#8217;eventual exist\u00e8ncia d&#8217;algun perjudici o inter\u00e8s contrari seu, a m\u00e9s d&#8217;assegurar-nos que la informaci\u00f3 que destinem a realitzar aquest estudi no sofreixi cap risc de seguretat. Son tractaments que volem portar a terme si vost\u00e8 no s\u2019oposa per a la comunicaci\u00f3 d\u2019aspectes que considerem importants i que no es considerin enviament de noticies (per ex., canvis a l\u2019esdeveniment organitzats per METZINERES, etc.).<\/p><h4>4. A qui podem comunicar la seva informaci\u00f3 personal?<\/h4><p>En alguns casos, \u00e9s necessari que comuniquem la informaci\u00f3 que ens ha proporcionat a empreses que ens prestin serveis de tecnologia de la informaci\u00f3, serveis de seguretat, serveis financers, etc. Aquestes empreses \u00fanicament tenen acc\u00e9s a la informaci\u00f3 personal que necessiten per dur a terme aquests serveis i se\u2019ls exigeix que mantinguin la confidencialitat de les seves dades i no poden utilitzar-la de cap altra forma que aquella que els hem sol\u00b7licitat. En tots els casos, METZINERES assumeix la responsabilitat per la informaci\u00f3 personal que ens faciliti i sol\u00b7licitem a aquells prove\u00efdors amb els quals compartim les seves dades que apliquin el mateix grau de protecci\u00f3 de la informaci\u00f3 que nosaltres.<\/p><h4>5. Quant de temps emmagatzemem les seves dades?<\/h4><p>Nom\u00e9s emmagatzemem la seva informaci\u00f3 personal en la mesura en qu\u00e8 la necessitem a fi de poder utilitzar-la segons la finalitat per la qual va ser recaptada, i segons la base jur\u00eddica del tractament de la mateixa de conformitat amb la llei aplicable. Mantindrem la seva informaci\u00f3 persona per a executar la donaci\u00f3 o mentre vost\u00e8 no exerceixi el seu dret de supressi\u00f3 o limitaci\u00f3 del tractament de les seves dades. En aquests casos, mantindrem la informaci\u00f3 degudament bloquejada, sense donar-li cap \u00fas, mentre pugui ser necess\u00e0ria per a l&#8217;exercici o defensa de reclamacions o pugui derivar-se algun tipus de responsabilitat judicial, legal o contractual del seu tractament, que hagi de ser atesa i per a aix\u00f2 sigui necess\u00e0ria la seva recuperaci\u00f3.<\/p><h4>6. Com pot exercir els seus drets?<\/h4><p>Pot exercir els seus drets d\u2019acc\u00e9s, rectificaci\u00f3, supressi\u00f3, limitaci\u00f3, oposici\u00f3, portabilitat o de revocar el seu consentiment adjuntant c\u00f2pia del seu DNI o document acreditatiu de la seva identitat a trav\u00e9s del correu protecciodedades@metzineres.org.<\/p><p>En cas que ho consideri necessari pot interposar una reclamaci\u00f3 a la Agencia Espa\u00f1ola de Protecci\u00f3n de Datos (www.aepd.es).<\/p><h4>7. Seguretat de la informaci\u00f3<\/h4><p>METZINERES ha pres totes les mesures legalment requerides per a la protecci\u00f3 de dades personals; aix\u00ed mateix, ha adoptat tots els dispositius t\u00e8cnics al seu abast per evitar la p\u00e8rdua, el mal \u00fas, l&#8217;alteraci\u00f3, l&#8217;acc\u00e9s o el robatori de les dades personals facilitades pels usuaris de la web. L&#8217;usuari tindr\u00e0 en compte, no obstant aix\u00f2, que les mesures de seguretat a Internet no s\u00f3n absolutament inviolables.<\/p><h3>Propietat intel\u00b7lectual i industrial<\/h3><p>METZINERES per si mateix o com a cessionari, \u00e9s titular de tots els drets de propietat intel\u00b7lectual i industrial del seu lloc web, aix\u00ed com dels elements continguts en la mateixa (a t\u00edtol enunciatiu, imatges, so, \u00e0udio, v\u00eddeo, programari o textos; marques o logotips, combinacions de colors, estructura i disseny, selecci\u00f3 de materials utilitzats, programes inform\u00e0tics necessaris per al seu funcionament). Per tant, seran obres protegides com a propietat intel\u00b7lectual per l\u2019ordenament jur\u00eddic espanyol, sent aplicables tant la legislaci\u00f3 espanyola i comunit\u00e0ria en aquest camp, com els tractats internacionals relatius a la mat\u00e8ria i subscrits per Espanya. Tots els drets reservats. De conformitat amb el que estableix la Llei de Propietat Intel\u00b7lectual, queda expressament prohibida la reproducci\u00f3, distribuci\u00f3 i comunicaci\u00f3 p\u00fablica, inclosa la seva modalitat de posar a disposici\u00f3, la totalitat o part dels continguts d\u2019aquest lloc web, amb fins comercials, en qualsevol suport i per qualsevol mitj\u00e0 t\u00e8cnic, sense l\u2019autoritzaci\u00f3 de METZINERES.<\/p><p>L\u2019usuari es compromet a respectar els drets de propietat intel\u00b7lectual i industrial titularitat de METZINERES. Podr\u00e0 visualitzar els elements del portal i fins i tot imprimir-los, copiar-los i emmagatzemar-los en el disc dur del seu ordinador o en qualsevol altre suport f\u00edsic sempre que sigui, \u00fanica i exclusivament, per al seu \u00fas personal i privat. L\u2019usuari haur\u00e0 d\u2019abstenir-se de suprimir, alterar, eludir o manipular qualsevol dispositiu de protecci\u00f3 o sistema de seguretat que estigu\u00e9s instal\u00b7lat a les p\u00e0gines de METZINERES.<\/p><h3>Accions legals, llei aplicable i jurisdicci\u00f3<\/h3><p>METZINERES tamb\u00e9 es reserva el dret de presentar les accions civils o penals que consideri oportunes per l\u2019\u00fas indegut del seu lloc web i continguts, o per l\u2019incompliment de les presents condicions. La relaci\u00f3 entre l\u2019usuari i el prestador es regir\u00e0 per la normativa vigent i aplicable en el territori espanyol. En cas de sorgir qualsevol controv\u00e8rsia, les parts podran sotmetre les seves disputes a arbitratge o acudir a la jurisdicci\u00f3 ordin\u00e0ria d\u2019acord amb les normes sobre jurisdicci\u00f3 i jurisdicci\u00f3 al respecte. METZINERES est\u00e0 domiciliada a BARCELONA, Espanya.<\/p>\t\t\t\t\t\t<\/div>\n\t\t\t\t<\/div>\n\t\t\t\t\t<\/div>\n\t\t<\/div>\n\t\t\t\t\t\t\t<\/div>\n\t\t<\/section>\n\t\t\t\t\t\t\t<\/div>\n\t\t","protected":false},"excerpt":{"rendered":"<p>pol\u00edtica de privadesa En compliment de la Llei 34\/2002, d\u201911 de juliol, de Serveis de la Societat de la Informaci\u00f3 i Comer\u00e7 Electr\u00f2nic (LSSI-CE), METZINERES SCCL informa que \u00e9s titular del lloc web www.metzineres.org. D\u2019acord amb l\u2019exig\u00e8ncia de l\u2019article 10 de l\u2019esmentada Llei, METZINERES informa de les seg\u00fcents dades: El titular d\u2019aquest lloc web \u00e9s [&hellip;]<\/p>\n","protected":false},"author":2,"featured_media":0,"parent":0,"menu_order":0,"comment_status":"closed","ping_status":"closed","template":"elementor_header_footer","meta":{"footnotes":"","_links_to":"","_links_to_target":""},"class_list":["post-5311","page","type-page","status-publish","hentry"],"_links":{"self":[{"href":"https:\/\/metzineres.org\/ca\/wp-json\/wp\/v2\/pages\/5311","targetHints":{"allow":["GET"]}}],"collection":[{"href":"https:\/\/metzineres.org\/ca\/wp-json\/wp\/v2\/pages"}],"about":[{"href":"https:\/\/metzineres.org\/ca\/wp-json\/wp\/v2\/types\/page"}],"author":[{"embeddable":true,"href":"https:\/\/metzineres.org\/ca\/wp-json\/wp\/v2\/users\/2"}],"replies":[{"embeddable":true,"href":"https:\/\/metzineres.org\/ca\/wp-json\/wp\/v2\/comments?post=5311"}],"version-history":[{"count":7,"href":"https:\/\/metzineres.org\/ca\/wp-json\/wp\/v2\/pages\/5311\/revisions"}],"predecessor-version":[{"id":5318,"href":"https:\/\/metzineres.org\/ca\/wp-json\/wp\/v2\/pages\/5311\/revisions\/5318"}],"wp:attachment":[{"href":"https:\/\/metzineres.org\/ca\/wp-json\/wp\/v2\/media?parent=5311"}],"curies":[{"name":"wp","href":"https:\/\/api.w.org\/{rel}","templated":true}]}}