{"id":5406,"date":"2026-04-15T12:23:33","date_gmt":"2026-04-15T12:23:33","guid":{"rendered":"https:\/\/metzineres.org\/firma-y-defiende-metzineres\/"},"modified":"2026-04-29T20:57:49","modified_gmt":"2026-04-29T20:57:49","slug":"signa-i-defensa-metzineres","status":"publish","type":"page","link":"https:\/\/metzineres.org\/ca\/signa-i-defensa-metzineres\/","title":{"rendered":"Signa i defensa Metzineres"},"content":{"rendered":"\t\t<div data-elementor-type=\"wp-page\" data-elementor-id=\"5406\" class=\"elementor elementor-5406 elementor-5264\">\n\t\t\t\t\t\t\t\t\t<section class=\"elementor-section elementor-top-section elementor-element elementor-element-644e166 elementor-section-boxed elementor-section-height-default elementor-section-height-default\" data-id=\"644e166\" data-element_type=\"section\" data-settings=\"{&quot;background_background&quot;:&quot;classic&quot;}\">\n\t\t\t\t\t\t<div class=\"elementor-container elementor-column-gap-default\">\n\t\t\t\t\t<div class=\"aux-parallax-section elementor-column elementor-col-100 elementor-top-column elementor-element elementor-element-19e4d0c\" data-id=\"19e4d0c\" data-element_type=\"column\" data-settings=\"{&quot;background_background&quot;:&quot;classic&quot;}\">\n\t\t\t<div class=\"elementor-widget-wrap elementor-element-populated\">\n\t\t\t\t\t\t\t\t<div class=\"elementor-element elementor-element-448b299 elementor-widget elementor-widget-image\" data-id=\"448b299\" data-element_type=\"widget\" data-widget_type=\"image.default\">\n\t\t\t\t<div class=\"elementor-widget-container\">\n\t\t\t<style>\/*! elementor - v3.6.5 - 27-04-2022 *\/\n.elementor-widget-image{text-align:center}.elementor-widget-image a{display:inline-block}.elementor-widget-image a img[src$=\".svg\"]{width:48px}.elementor-widget-image img{vertical-align:middle;display:inline-block}<\/style>\t\t\t\t\t\t\t\t\t\t\t\t<img loading=\"lazy\" decoding=\"async\" width=\"1980\" height=\"772\" src=\"https:\/\/metzineres.org\/wp-content\/uploads\/2026\/04\/portada-landing-def-p.jpg\" class=\"attachment-full size-full\" alt=\"\" srcset=\"https:\/\/metzineres.org\/wp-content\/uploads\/2026\/04\/portada-landing-def-p.jpg 1980w, https:\/\/metzineres.org\/wp-content\/uploads\/2026\/04\/portada-landing-def-p-1536x599.jpg 1536w, https:\/\/metzineres.org\/wp-content\/uploads\/2026\/04\/portada-landing-def-p-600x234.jpg 600w\" sizes=\"auto, (max-width: 1980px) 100vw, 1980px\" \/>\t\t\t\t\t\t\t\t\t\t\t\t\t\t\t<\/div>\n\t\t\t\t<\/div>\n\t\t\t\t<div class=\"elementor-element elementor-element-70c2915 elementor-widget elementor-widget-heading\" data-id=\"70c2915\" data-element_type=\"widget\" data-widget_type=\"heading.default\">\n\t\t\t\t<div class=\"elementor-widget-container\">\n\t\t\t<style>\/*! elementor - v3.6.5 - 27-04-2022 *\/\n.elementor-heading-title{padding:0;margin:0;line-height:1}.elementor-widget-heading .elementor-heading-title[class*=elementor-size-]>a{color:inherit;font-size:inherit;line-height:inherit}.elementor-widget-heading .elementor-heading-title.elementor-size-small{font-size:15px}.elementor-widget-heading .elementor-heading-title.elementor-size-medium{font-size:19px}.elementor-widget-heading .elementor-heading-title.elementor-size-large{font-size:29px}.elementor-widget-heading .elementor-heading-title.elementor-size-xl{font-size:39px}.elementor-widget-heading .elementor-heading-title.elementor-size-xxl{font-size:59px}<\/style><h1 class=\"elementor-heading-title elementor-size-default\">Signa i defensa Metzineres!<\/h1>\t\t<\/div>\n\t\t\t\t<\/div>\n\t\t\t\t<section class=\"elementor-section elementor-inner-section elementor-element elementor-element-93f9537 elementor-reverse-tablet elementor-reverse-mobile elementor-section-boxed elementor-section-height-default elementor-section-height-default\" data-id=\"93f9537\" data-element_type=\"section\">\n\t\t\t\t\t\t<div class=\"elementor-container elementor-column-gap-default\">\n\t\t\t\t\t<div class=\"aux-parallax-section elementor-column elementor-col-50 elementor-inner-column elementor-element elementor-element-4bfcd37\" data-id=\"4bfcd37\" data-element_type=\"column\">\n\t\t\t<div class=\"elementor-widget-wrap elementor-element-populated\">\n\t\t\t\t\t\t\t\t<div class=\"elementor-element elementor-element-30721a0 elementor-widget elementor-widget-text-editor\" data-id=\"30721a0\" data-element_type=\"widget\" data-widget_type=\"text-editor.default\">\n\t\t\t\t<div class=\"elementor-widget-container\">\n\t\t\t<style>\/*! elementor - v3.6.5 - 27-04-2022 *\/\n.elementor-widget-text-editor.elementor-drop-cap-view-stacked .elementor-drop-cap{background-color:#818a91;color:#fff}.elementor-widget-text-editor.elementor-drop-cap-view-framed .elementor-drop-cap{color:#818a91;border:3px solid;background-color:transparent}.elementor-widget-text-editor:not(.elementor-drop-cap-view-default) .elementor-drop-cap{margin-top:8px}.elementor-widget-text-editor:not(.elementor-drop-cap-view-default) .elementor-drop-cap-letter{width:1em;height:1em}.elementor-widget-text-editor .elementor-drop-cap{float:left;text-align:center;line-height:1;font-size:50px}.elementor-widget-text-editor .elementor-drop-cap-letter{display:inline-block}<\/style>\t\t\t\t<p>Tendresa radical. Fem barri des dels marges.<\/p>\t\t\t\t\t\t<\/div>\n\t\t\t\t<\/div>\n\t\t\t\t<div class=\"elementor-element elementor-element-f5313d6 elementor-widget elementor-widget-text-editor\" data-id=\"f5313d6\" data-element_type=\"widget\" data-widget_type=\"text-editor.default\">\n\t\t\t\t<div class=\"elementor-widget-container\">\n\t\t\t\t\t\t\t<p>A Metzineres estem travessant un moment cr\u00edtic: <b>podem perdre el nostre local <\/b>al carrer de la Lluna, 3, al Raval. La propietat ha decidit no renovar el contracte davant la previsi\u00f3 de venda de l\u2019edifici, cosa que ens obliga a abandonar l\u2019espai abans del 30 de juny de 2026. A dia d\u2019avui, no comptem amb cap alternativa que garanteixi la continu\u00eftat del projecte.<\/p><p>Aquesta situaci\u00f3 no \u00e9s un cas a\u00efllat. Forma part d\u2019una din\u00e0mica de pressi\u00f3 immobili\u00e0ria al Raval, on la gentrificaci\u00f3 i l\u2019especulaci\u00f3 estan expulsant ve\u00efnxs i el teixit comunitari que sost\u00e9 la vida al barri.<\/p><p>El nostre espai no \u00e9s nom\u00e9s un local: \u00e9s un recurs comunitari que garanteix di\u00e0riament drets b\u00e0sics a dones sense alternatives \u2014alimentaci\u00f3, dutxes, descans, atenci\u00f3 social i sanit\u00e0ria, acompanyament psicol\u00f2gic i jur\u00eddic\u2014 i on constru\u00efm vincles de confian\u00e7a i fem possibles processos vitals per a aquelles que queden fora dels circuits institucionals.<\/p><p>Des de 2017, generem <b>entorns d\u2019aixopluc<\/b> <b>per a donxs<\/b> <b>i persones de g\u00e8nere expansiu<\/b> <b>en situaci\u00f3 de vulnerabilitat i viol\u00e8ncia, <\/b>fent barri, combatent l\u2019estigma i defensant l\u2019acc\u00e9s als drets des del feminisme interseccional. Ens hem consolidat com a Servei d\u2019Intervenci\u00f3 Especialitzada en viol\u00e8ncies masclistes a la ciutat i comptem amb el reconeixement de Nacions Unides com a bona pr\u00e0ctica, demostrant que accions locals poden generar incid\u00e8ncia i canvi a escala internacional.<\/p><p>Treballem des de la reducci\u00f3 de danys amb una mirada integral, abordant la viol\u00e8ncia masclista, el sensellarisme, la criminalitzaci\u00f3 de la pobresa i l\u2019exclusi\u00f3 social severa.<\/p><p>Per tot aix\u00f2, demanem una resposta urgent de l\u2019administraci\u00f3 p\u00fablica en nom de totes les que defensem els marges: <b>signa ara i difon!<\/b><\/p>\t\t\t\t\t\t<\/div>\n\t\t\t\t<\/div>\n\t\t\t\t\t<\/div>\n\t\t<\/div>\n\t\t\t\t<div class=\"aux-parallax-section elementor-column elementor-col-50 elementor-inner-column elementor-element elementor-element-a2ed9aa\" data-id=\"a2ed9aa\" data-element_type=\"column\" data-settings=\"{&quot;background_background&quot;:&quot;classic&quot;}\">\n\t\t\t<div class=\"elementor-widget-wrap elementor-element-populated\">\n\t\t\t\t\t\t\t\t<div class=\"elementor-element elementor-element-43fd044 elementor-widget elementor-widget-text-editor\" data-id=\"43fd044\" data-element_type=\"widget\" data-widget_type=\"text-editor.default\">\n\t\t\t\t<div class=\"elementor-widget-container\">\n\t\t\t\t\t\t\t<p>Garantir drets no pot dependre del mercat.<\/p>\t\t\t\t\t\t<\/div>\n\t\t\t\t<\/div>\n\t\t\t\t<div class=\"elementor-element elementor-element-92b3e94 elementor-widget__width-auto elementor-widget elementor-widget-text-editor\" data-id=\"92b3e94\" data-element_type=\"widget\" data-widget_type=\"text-editor.default\">\n\t\t\t\t<div class=\"elementor-widget-container\">\n\t\t\t\t\t\t\t<p>\u00a0Adhereix-t&#8217;hi!\u00a0<\/p>\t\t\t\t\t\t<\/div>\n\t\t\t\t<\/div>\n\t\t\t\t<div class=\"elementor-element elementor-element-93de391 elementor-widget elementor-widget-text-editor\" data-id=\"93de391\" data-element_type=\"widget\" data-widget_type=\"text-editor.default\">\n\t\t\t\t<div class=\"elementor-widget-container\">\n\t\t\t\t\t\t\t<p>Signa. Comparteix. Defensa Metzineres.<\/p>\t\t\t\t\t\t<\/div>\n\t\t\t\t<\/div>\n\t\t\t\t<div class=\"elementor-element elementor-element-c05d4b7 elementor-widget__width-auto elementor-widget elementor-widget-shortcode\" data-id=\"c05d4b7\" data-element_type=\"widget\" data-widget_type=\"shortcode.default\">\n\t\t\t\t<div class=\"elementor-widget-container\">\n\t\t\t\t\t<div class=\"elementor-shortcode\"><noscript class=\"ninja-forms-noscript-message\">\n\tNotice: JavaScript is required for this content.<\/noscript>\n<div id=\"nf-form-7-cont\" class=\"nf-form-cont\" aria-live=\"polite\" aria-labelledby=\"nf-form-title-7\" aria-describedby=\"nf-form-errors-7\" role=\"form\">\n\n    <div class=\"nf-loading-spinner\"><\/div>\n\n<\/div>\n        <!-- That data is being printed as a workaround to page builders reordering the order of the scripts loaded-->\n        <script>var formDisplay=1;var nfForms=nfForms||[];var form=[];form.id='7';form.settings={\"objectType\":\"Form Setting\",\"editActive\":true,\"title\":\"Firma y defiende - CA\",\"created_at\":\"2026-04-20 14:06:38\",\"default_label_pos\":\"above\",\"show_title\":\"0\",\"clear_complete\":\"1\",\"hide_complete\":\"0\",\"logged_in\":\"\",\"wrapper_class\":\"\",\"element_class\":\"\",\"form_title_heading_level\":\"3\",\"key\":\"\",\"add_submit\":\"1\",\"currency\":\"\",\"unique_field_error\":\"A form with this value has already been submitted.\",\"not_logged_in_msg\":\"\",\"sub_limit_msg\":\"The form has reached its submission limit.\",\"calculations\":[],\"formContentData\":[\"nom_1776712615117\",\"correu_electronic_1776712617667\",\"estic_d_acord_amb_la_less_than_a_href_https_metzineres_org_ca_privadesa_target_blank_greater_than_politica_de_privadesa_less_than_a_greater_than_1776712747801\",\"idioma_1776710760078\",\"enviar_1726258361553\"],\"changeEmailErrorMsg\":\"Please enter a valid email address!\",\"changeDateErrorMsg\":\"Please enter a valid date!\",\"confirmFieldErrorMsg\":\"These fields must match!\",\"fieldNumberNumMinError\":\"Number Min Error\",\"fieldNumberNumMaxError\":\"Number Max Error\",\"fieldNumberIncrementBy\":\"Please increment by \",\"formErrorsCorrectErrors\":\"Please correct errors before submitting this form.\",\"validateRequiredField\":\"This is a required field.\",\"honeypotHoneypotError\":\"Honeypot Error\",\"fieldsMarkedRequired\":\"* Campos requeridos\",\"objectDomain\":\"display\",\"drawerDisabled\":false,\"allow_public_link\":0,\"embed_form\":\"\",\"ninjaForms\":\"Ninja Forms\",\"fieldTextareaRTEInsertLink\":\"Insert Link\",\"fieldTextareaRTEInsertMedia\":\"Insert Media\",\"fieldTextareaRTESelectAFile\":\"Select a file\",\"tableInsertRowAbove\":\"Insert Row Above\",\"tableInsertRowBelow\":\"Insert Row Below\",\"tableInsertColumnLeft\":\"Insert Column Left\",\"tableInsertColumnRight\":\"Insert Column Right\",\"tableDeleteRow\":\"Delete Row\",\"tableDeleteColumn\":\"Delete Column\",\"tableDeleteTable\":\"Delete Table\",\"tableLegacyNotice\":\"This content has tables in the old editor format. Custom styles are preserved until converted. Editing will update to the new format.\",\"tableLegacyConvert\":\"Convert Now\",\"tableInsertTable\":\"Insert Table\",\"dismiss\":\"Dismiss\",\"insertLink\":\"Insert Link\",\"formHoneypot\":\"If you are a human seeing this field, please leave it empty.\",\"fileUploadOldCodeFileUploadInProgress\":\"File Upload in Progress.\",\"fileUploadOldCodeFileUpload\":\"FILE UPLOAD\",\"currencySymbol\":\"&#36;\",\"thousands_sep\":\".\",\"decimal_point\":\",\",\"siteLocale\":\"ca\",\"dateFormat\":\"m\\\/d\\\/Y\",\"startOfWeek\":\"1\",\"of\":\"of\",\"previousMonth\":\"Previous Month\",\"nextMonth\":\"Next Month\",\"months\":[\"January\",\"February\",\"March\",\"April\",\"May\",\"June\",\"July\",\"August\",\"September\",\"October\",\"November\",\"December\"],\"monthsShort\":[\"Jan\",\"Feb\",\"Mar\",\"Apr\",\"May\",\"Jun\",\"Jul\",\"Aug\",\"Sep\",\"Oct\",\"Nov\",\"Dec\"],\"weekdays\":[\"Sunday\",\"Monday\",\"Tuesday\",\"Wednesday\",\"Thursday\",\"Friday\",\"Saturday\"],\"weekdaysShort\":[\"Sun\",\"Mon\",\"Tue\",\"Wed\",\"Thu\",\"Fri\",\"Sat\"],\"weekdaysMin\":[\"Su\",\"Mo\",\"Tu\",\"We\",\"Th\",\"Fr\",\"Sa\"],\"recaptchaConsentMissing\":\"reCaptcha validation couldn&#039;t load.\",\"recaptchaMissingCookie\":\"reCaptcha v3 validation couldn&#039;t load the cookie needed to submit the form.\",\"recaptchaConsentEvent\":\"Accept reCaptcha cookies before sending the form.\",\"currency_symbol\":\"\",\"beforeForm\":\"\",\"beforeFields\":\"\",\"afterFields\":\"\",\"afterForm\":\"\"};form.fields=[{\"objectType\":\"Field\",\"objectDomain\":\"fields\",\"editActive\":false,\"order\":1,\"idAttribute\":\"id\",\"type\":\"firstname\",\"label\":\"Nom\",\"key\":\"nom_1776712615117\",\"label_pos\":\"above\",\"required\":1,\"default\":\"\",\"placeholder\":\"\",\"container_class\":\"\",\"element_class\":\"\",\"admin_label\":\"\",\"help_text\":\"\",\"custom_name_attribute\":\"fname\",\"personally_identifiable\":1,\"value\":\"\",\"drawerDisabled\":false,\"field_label\":\"Nombre\",\"field_key\":\"nombre_1726258179395\",\"id\":33,\"beforeField\":\"\",\"afterField\":\"\",\"parentType\":\"firstname\",\"element_templates\":[\"firstname\",\"input\"],\"old_classname\":\"\",\"wrap_template\":\"wrap\"},{\"objectType\":\"Field\",\"objectDomain\":\"fields\",\"editActive\":false,\"order\":2,\"idAttribute\":\"id\",\"type\":\"email\",\"label\":\"Correu electr\\u00f2nic\",\"key\":\"correu_electronic_1776712617667\",\"label_pos\":\"above\",\"required\":1,\"default\":\"\",\"placeholder\":\"\",\"container_class\":\"\",\"element_class\":\"\",\"admin_label\":\"\",\"help_text\":\"\",\"custom_name_attribute\":\"email\",\"personally_identifiable\":1,\"value\":\"\",\"drawerDisabled\":\"\",\"field_label\":\"Correo electr\\u00f3nico\",\"field_key\":\"correo_electronico_1726258208340\",\"id\":34,\"beforeField\":\"\",\"afterField\":\"\",\"parentType\":\"email\",\"element_templates\":[\"email\",\"input\"],\"old_classname\":\"\",\"wrap_template\":\"wrap\"},{\"objectType\":\"Field\",\"objectDomain\":\"fields\",\"editActive\":false,\"order\":999,\"idAttribute\":\"id\",\"type\":\"checkbox\",\"label\":\"Estic d'acord amb la <a href=\\\"https:\\\/\\\/metzineres.org\\\/ca\\\/privadesa\\\/\\\" target=\\\"_blank\\\">pol\\u00edtica de privadesa<\\\/a>\",\"key\":\"estic_d_acord_amb_la_less_than_a_href_https_metzineres_org_ca_privadesa_target_blank_greater_than_politica_de_privadesa_less_than_a_greater_than_1776712747801\",\"label_pos\":\"right\",\"required\":1,\"container_class\":\"\",\"element_class\":\"\",\"manual_key\":\"\",\"admin_label\":\"\",\"help_text\":\"\",\"default_value\":\"checked\",\"checked_value\":\"Marcado\",\"unchecked_value\":\"Desmarcado\",\"checked_calc_value\":\"\",\"unchecked_calc_value\":\"\",\"drawerDisabled\":false,\"field_label\":\"Estoy de acuerdo con la <a href=\\\"https:\\\/\\\/metzineres.org\\\/es\\\/privacidad\\\/\\\" target=\\\"_blank\\\">Pol\\u00edtica de Privacidad<\\\/a>\",\"field_key\":\"estoy_de_acuerdo_con_la_less_than_a_href_https_metzineres_org_es_privacidad_target_blank_greater_than_politica_de_privacidad_less_than_a_greater_than_1776708286983\",\"id\":36,\"beforeField\":\"\",\"afterField\":\"\",\"value\":\"\",\"parentType\":\"checkbox\",\"element_templates\":[\"checkbox\",\"input\"],\"old_classname\":\"\",\"wrap_template\":\"wrap\"},{\"objectType\":\"Field\",\"objectDomain\":\"fields\",\"editActive\":false,\"order\":999,\"idAttribute\":\"id\",\"type\":\"hidden\",\"label\":\"Idioma\",\"key\":\"idioma_1776710760078\",\"default\":\"CA\",\"admin_label\":\"\",\"drawerDisabled\":false,\"field_label\":\"Idioma\",\"field_key\":\"idioma_1776710760078\",\"id\":37,\"beforeField\":\"\",\"afterField\":\"\",\"value\":\"CA\",\"label_pos\":\"above\",\"parentType\":\"hidden\",\"element_templates\":[\"hidden\",\"input\"],\"old_classname\":\"\",\"wrap_template\":\"wrap-no-label\"},{\"objectType\":\"Field\",\"objectDomain\":\"fields\",\"editActive\":false,\"order\":9999,\"idAttribute\":\"id\",\"type\":\"submit\",\"label\":\"ENVIAR\",\"processing_label\":\"Enviant\",\"container_class\":\"\",\"element_class\":\"\",\"key\":\"enviar_1726258361553\",\"admin_label\":\"\",\"drawerDisabled\":false,\"field_label\":\"ENVIAR\",\"field_key\":\"enviar_1726258361553\",\"id\":35,\"beforeField\":\"\",\"afterField\":\"\",\"value\":\"\",\"label_pos\":\"above\",\"parentType\":\"textbox\",\"element_templates\":[\"submit\",\"button\",\"input\"],\"old_classname\":\"\",\"wrap_template\":\"wrap-no-label\"}];nfForms.push(form);<\/script>\n        <\/div>\n\t\t\t\t<\/div>\n\t\t\t\t<\/div>\n\t\t\t\t\t<\/div>\n\t\t<\/div>\n\t\t\t\t\t\t\t<\/div>\n\t\t<\/section>\n\t\t\t\t\t<\/div>\n\t\t<\/div>\n\t\t\t\t\t\t\t<\/div>\n\t\t<\/section>\n\t\t\t\t\t\t\t<\/div>\n\t\t","protected":false},"excerpt":{"rendered":"<p>Signa i defensa Metzineres! Tendresa radical. Fem barri des dels marges. A Metzineres estem travessant un moment cr\u00edtic: podem perdre el nostre local al carrer de la Lluna, 3, al Raval. La propietat ha decidit no renovar el contracte davant la previsi\u00f3 de venda de l\u2019edifici, cosa que ens obliga a abandonar l\u2019espai abans del [&hellip;]<\/p>\n","protected":false},"author":2,"featured_media":0,"parent":0,"menu_order":0,"comment_status":"closed","ping_status":"closed","template":"elementor_header_footer","meta":{"footnotes":"","_links_to":"","_links_to_target":""},"class_list":["post-5406","page","type-page","status-publish","hentry"],"_links":{"self":[{"href":"https:\/\/metzineres.org\/ca\/wp-json\/wp\/v2\/pages\/5406","targetHints":{"allow":["GET"]}}],"collection":[{"href":"https:\/\/metzineres.org\/ca\/wp-json\/wp\/v2\/pages"}],"about":[{"href":"https:\/\/metzineres.org\/ca\/wp-json\/wp\/v2\/types\/page"}],"author":[{"embeddable":true,"href":"https:\/\/metzineres.org\/ca\/wp-json\/wp\/v2\/users\/2"}],"replies":[{"embeddable":true,"href":"https:\/\/metzineres.org\/ca\/wp-json\/wp\/v2\/comments?post=5406"}],"version-history":[{"count":29,"href":"https:\/\/metzineres.org\/ca\/wp-json\/wp\/v2\/pages\/5406\/revisions"}],"predecessor-version":[{"id":5653,"href":"https:\/\/metzineres.org\/ca\/wp-json\/wp\/v2\/pages\/5406\/revisions\/5653"}],"wp:attachment":[{"href":"https:\/\/metzineres.org\/ca\/wp-json\/wp\/v2\/media?parent=5406"}],"curies":[{"name":"wp","href":"https:\/\/api.w.org\/{rel}","templated":true}]}}