{"id":892,"date":"2024-10-09T21:11:45","date_gmt":"2024-10-09T21:11:45","guid":{"rendered":"https:\/\/metzineres.org\/?post_type=product&#038;p=892"},"modified":"2024-10-09T21:11:45","modified_gmt":"2024-10-09T21:11:45","slug":"punt-de-llibre","status":"publish","type":"product","link":"https:\/\/metzineres.org\/en\/producto\/punt-de-llibre\/","title":{"rendered":"Punt de llibre"},"content":{"rendered":"","protected":false},"excerpt":{"rendered":"<p>Les dones i persones de g\u00e8nere no binari tamb\u00e9 usen drogues. Aquest punt de llibre est\u00e0 dissenyada per invitar a la reflexi\u00f3 al voltant d\u2019aquest fet, aplicant la perspectiva de g\u00e8nere en l\u2019\u00e0mbit del consum de subst\u00e0ncies entre donxs.<\/p>\n<p>Comprant aquest producte est\u00e0s ajudant a finan\u00e7ar els programes i activitats de Metzineres, una cooperativa sense \u00e0nim de lucre amb seu en el barri del Raval (Barcelona), que crea entorns d\u2019aixopluc per a dones i persones de g\u00e8nere no binari que usen drogues i sobreviuen a m\u00faltiples situacions de vulnerabilitat i viol\u00e8ncia.<\/p>\n","protected":false},"featured_media":893,"comment_status":"open","ping_status":"closed","template":"","meta":{"_links_to":"","_links_to_target":""},"product_cat":[27],"product_tag":[],"class_list":{"0":"post-892","1":"product","2":"type-product","3":"status-publish","4":"has-post-thumbnail","6":"product_cat-productos","8":"first","9":"instock","10":"taxable","11":"shipping-taxable","12":"purchasable","13":"product-type-simple"},"_links":{"self":[{"href":"https:\/\/metzineres.org\/en\/wp-json\/wp\/v2\/product\/892","targetHints":{"allow":["GET"]}}],"collection":[{"href":"https:\/\/metzineres.org\/en\/wp-json\/wp\/v2\/product"}],"about":[{"href":"https:\/\/metzineres.org\/en\/wp-json\/wp\/v2\/types\/product"}],"replies":[{"embeddable":true,"href":"https:\/\/metzineres.org\/en\/wp-json\/wp\/v2\/comments?post=892"}],"wp:featuredmedia":[{"embeddable":true,"href":"https:\/\/metzineres.org\/en\/wp-json\/wp\/v2\/media\/893"}],"wp:attachment":[{"href":"https:\/\/metzineres.org\/en\/wp-json\/wp\/v2\/media?parent=892"}],"wp:term":[{"taxonomy":"product_cat","embeddable":true,"href":"https:\/\/metzineres.org\/en\/wp-json\/wp\/v2\/product_cat?post=892"},{"taxonomy":"product_tag","embeddable":true,"href":"https:\/\/metzineres.org\/en\/wp-json\/wp\/v2\/product_tag?post=892"}],"curies":[{"name":"wp","href":"https:\/\/api.w.org\/{rel}","templated":true}]}}