{"id":910,"date":"2024-10-09T21:36:09","date_gmt":"2024-10-09T21:36:09","guid":{"rendered":"https:\/\/metzineres.org\/?post_type=product&#038;p=910"},"modified":"2024-10-09T22:23:04","modified_gmt":"2024-10-09T22:23:04","slug":"samarreta-womxn-take-drugs-deal-with-it","status":"publish","type":"product","link":"https:\/\/metzineres.org\/en\/producto\/samarreta-womxn-take-drugs-deal-with-it\/","title":{"rendered":"Samarreta WOMXN TAKE DRUGS. DEAL WITH IT"},"content":{"rendered":"","protected":false},"excerpt":{"rendered":"<p>Les dones i persones de g\u00e8nere no binari tamb\u00e9 usen drogues. Aquesta samarreta est\u00e0 dissenyada per invitar a la reflexi\u00f3 al voltant d&#8217;aquest fet, aplicant la perspectiva de g\u00e8nere en l&#8217;\u00e0mbit del consum de subst\u00e0ncies entre donxs.<\/p>\n<p>Comprant aquest producte est\u00e0s ajudant a finan\u00e7ar els programes i activitats de Metzineres, una cooperativa sense \u00e0nim de lucre amb seu en el barri del Raval (Barcelona), que crea entorns d\u2019aixopluc per a dones i persones de g\u00e8nere no binari que usen drogues i sobreviuen a m\u00faltiples situacions de vulnerabilitat i viol\u00e8ncia.<\/p>\n<p>Samarreta, 100% de cot\u00f3 pentinat amb estampat\u00a0 a Barcelona amb missatge:\u00a0\u00a0&#8220;WOMXN TAKE DRUGS, DEAL WITH IT!&#8221;.<\/p>\n","protected":false},"featured_media":918,"comment_status":"open","ping_status":"closed","template":"","meta":{"_links_to":"","_links_to_target":""},"product_cat":[27],"product_tag":[],"class_list":{"0":"post-910","1":"product","2":"type-product","3":"status-publish","4":"has-post-thumbnail","6":"product_cat-productos","8":"first","9":"instock","10":"taxable","11":"shipping-taxable","12":"purchasable","13":"product-type-variable"},"_links":{"self":[{"href":"https:\/\/metzineres.org\/en\/wp-json\/wp\/v2\/product\/910","targetHints":{"allow":["GET"]}}],"collection":[{"href":"https:\/\/metzineres.org\/en\/wp-json\/wp\/v2\/product"}],"about":[{"href":"https:\/\/metzineres.org\/en\/wp-json\/wp\/v2\/types\/product"}],"replies":[{"embeddable":true,"href":"https:\/\/metzineres.org\/en\/wp-json\/wp\/v2\/comments?post=910"}],"wp:featuredmedia":[{"embeddable":true,"href":"https:\/\/metzineres.org\/en\/wp-json\/wp\/v2\/media\/918"}],"wp:attachment":[{"href":"https:\/\/metzineres.org\/en\/wp-json\/wp\/v2\/media?parent=910"}],"wp:term":[{"taxonomy":"product_cat","embeddable":true,"href":"https:\/\/metzineres.org\/en\/wp-json\/wp\/v2\/product_cat?post=910"},{"taxonomy":"product_tag","embeddable":true,"href":"https:\/\/metzineres.org\/en\/wp-json\/wp\/v2\/product_tag?post=910"}],"curies":[{"name":"wp","href":"https:\/\/api.w.org\/{rel}","templated":true}]}}