{"id":931,"date":"2024-10-09T21:42:43","date_gmt":"2024-10-09T21:42:43","guid":{"rendered":"https:\/\/metzineres.org\/?post_type=product&#038;p=931"},"modified":"2024-10-09T21:47:54","modified_gmt":"2024-10-09T21:47:54","slug":"tarot-de-drogas-cast","status":"publish","type":"product","link":"https:\/\/metzineres.org\/en\/producto\/tarot-de-drogas-cast\/","title":{"rendered":"Tarot de Drogas (CAST)"},"content":{"rendered":"","protected":false},"excerpt":{"rendered":"<p>Este tarot ha sido ideado y dibujado colectivamente en el marco del proyecto &#8216;Conjuros y Colocones&#8217; por parte de Christina Schultz y algunas participantes de Metzineres. Las &#8216;arquetipas&#8217; de drogas que componen esta baraja, as\u00ed como las respuestas a lo que quieren, sus puntos fuertes y sus debilidades, han sido creadas en un di\u00e1logo continuo entre el espacio y sus participantes. Ninguna de esas &#8216;arquetipas&#8217; es buena o mala, pero quiz\u00e1s algunas gusten m\u00e1s que otras&#8230; Este es un tarot pensado tanto para perderse como para encontrarse. Eso depender\u00e1 de cada jugadorx&#8230; Impresi\u00f3n por parte de Descontrol Impremta. Promueve y financia: Generalitat de Catalunya &#8211; Departament d&#8217;empresa i treball<\/p>\n<p><img decoding=\"async\" src=\"https:\/\/lazona.coop\/wp-content\/uploads\/Logos-Singulars_def-300x88.jpg\" \/><\/p>\n","protected":false},"featured_media":932,"comment_status":"open","ping_status":"closed","template":"","meta":{"_links_to":"","_links_to_target":""},"product_cat":[27],"product_tag":[],"class_list":{"0":"post-931","1":"product","2":"type-product","3":"status-publish","4":"has-post-thumbnail","6":"product_cat-productos","8":"first","9":"instock","10":"taxable","11":"shipping-taxable","12":"purchasable","13":"product-type-simple"},"_links":{"self":[{"href":"https:\/\/metzineres.org\/en\/wp-json\/wp\/v2\/product\/931","targetHints":{"allow":["GET"]}}],"collection":[{"href":"https:\/\/metzineres.org\/en\/wp-json\/wp\/v2\/product"}],"about":[{"href":"https:\/\/metzineres.org\/en\/wp-json\/wp\/v2\/types\/product"}],"replies":[{"embeddable":true,"href":"https:\/\/metzineres.org\/en\/wp-json\/wp\/v2\/comments?post=931"}],"wp:featuredmedia":[{"embeddable":true,"href":"https:\/\/metzineres.org\/en\/wp-json\/wp\/v2\/media\/932"}],"wp:attachment":[{"href":"https:\/\/metzineres.org\/en\/wp-json\/wp\/v2\/media?parent=931"}],"wp:term":[{"taxonomy":"product_cat","embeddable":true,"href":"https:\/\/metzineres.org\/en\/wp-json\/wp\/v2\/product_cat?post=931"},{"taxonomy":"product_tag","embeddable":true,"href":"https:\/\/metzineres.org\/en\/wp-json\/wp\/v2\/product_tag?post=931"}],"curies":[{"name":"wp","href":"https:\/\/api.w.org\/{rel}","templated":true}]}}