{"id":936,"date":"2024-10-09T21:50:33","date_gmt":"2024-10-09T21:50:33","guid":{"rendered":"https:\/\/metzineres.org\/?post_type=product&#038;p=936"},"modified":"2024-10-09T23:01:12","modified_gmt":"2024-10-09T23:01:12","slug":"tarot-de-drogues-cat","status":"publish","type":"product","link":"https:\/\/metzineres.org\/en\/producto\/tarot-de-drogues-cat\/","title":{"rendered":"Tarot de Drogues (CAT)"},"content":{"rendered":"","protected":false},"excerpt":{"rendered":"<p>Aquest tarot ha estat ideat i dibuixat col\u00b7lectivament en el marc del projecte \u2018Conjuros y Colocones\u2019 per part de Christina Schultz i algunes participants de \u2018Metzineres\u2019. Les \u2018arquetipes\u2019 de drogues que componen aquesta baralla, aix\u00ed com les respostes al que volen, els seus punts forts i les seves febleses, han estat creades dins d&#8217;un di\u00e0leg continu entre l\u2019espai i les seves participants. Cap d&#8217;aquestes \u2018arquetipes\u2019 \u00e9s bona o dolenta, per\u00f2 pot ser que algunes agradin m\u00e9s que altres. Aquest \u00e9s un tarot pensat tant per perdre\u2019s com per trobar-se. Aix\u00f2 dependr\u00e0 de cada jugadorx&#8230; Impressi\u00f3 per part de Descontrol Impremta. Promou i finan\u00e7a: Generalitat de Catalunya &#8211; Departament d&#8217;Empresa i Treball<\/p>\n<p><img decoding=\"async\" src=\"https:\/\/lazona.coop\/wp-content\/uploads\/Logos-Singulars_def-300x88.jpg\" \/><\/p>\n","protected":false},"featured_media":937,"comment_status":"open","ping_status":"closed","template":"","meta":{"_links_to":"","_links_to_target":""},"product_cat":[27],"product_tag":[],"class_list":{"0":"post-936","1":"product","2":"type-product","3":"status-publish","4":"has-post-thumbnail","6":"product_cat-productos","8":"first","9":"instock","10":"featured","11":"taxable","12":"shipping-taxable","13":"purchasable","14":"product-type-simple"},"_links":{"self":[{"href":"https:\/\/metzineres.org\/en\/wp-json\/wp\/v2\/product\/936","targetHints":{"allow":["GET"]}}],"collection":[{"href":"https:\/\/metzineres.org\/en\/wp-json\/wp\/v2\/product"}],"about":[{"href":"https:\/\/metzineres.org\/en\/wp-json\/wp\/v2\/types\/product"}],"replies":[{"embeddable":true,"href":"https:\/\/metzineres.org\/en\/wp-json\/wp\/v2\/comments?post=936"}],"wp:featuredmedia":[{"embeddable":true,"href":"https:\/\/metzineres.org\/en\/wp-json\/wp\/v2\/media\/937"}],"wp:attachment":[{"href":"https:\/\/metzineres.org\/en\/wp-json\/wp\/v2\/media?parent=936"}],"wp:term":[{"taxonomy":"product_cat","embeddable":true,"href":"https:\/\/metzineres.org\/en\/wp-json\/wp\/v2\/product_cat?post=936"},{"taxonomy":"product_tag","embeddable":true,"href":"https:\/\/metzineres.org\/en\/wp-json\/wp\/v2\/product_tag?post=936"}],"curies":[{"name":"wp","href":"https:\/\/api.w.org\/{rel}","templated":true}]}}