{"id":951,"date":"2024-10-09T21:58:30","date_gmt":"2024-10-09T21:58:30","guid":{"rendered":"https:\/\/metzineres.org\/?post_type=product&#038;p=951"},"modified":"2024-10-09T22:55:39","modified_gmt":"2024-10-09T22:55:39","slug":"totebag-womxn-take-drugs-deal-with-it","status":"publish","type":"product","link":"https:\/\/metzineres.org\/en\/producto\/totebag-womxn-take-drugs-deal-with-it\/","title":{"rendered":"Totebag WOMXN TAKE DRUGS. DEAL WITH IT"},"content":{"rendered":"","protected":false},"excerpt":{"rendered":"<p>Les dones i persones de g\u00e8nere no binari tamb\u00e9 usen drogues. Aquesta totebag est\u00e0 dissenyada per invitar a la reflexi\u00f3 al voltant d&#8217;aquest fet, aplicant la perspectiva de g\u00e8nere en l&#8217;\u00e0mbit del consum de subst\u00e0ncies entre donxs.<\/p>\n<p>Comprant aquest producte est\u00e0s ajudant a finan\u00e7ar els programes i activitats de Metzineres, una cooperativa sense \u00e0nim de lucre amb seu en el barri del Raval (Barcelona), que crea entorns d\u2019aixopluc per a dones i persones de g\u00e8nere no binari que usen drogues i sobreviuen a m\u00faltiples situacions de vulnerabilitat i viol\u00e8ncia.<\/p>\n<p>Totebag: teixit de cot\u00f3 100% org\u00e0nic. Cot\u00f3 filat, pentinat i rentat i de 160 gsm amb estampat a Barcelona amb missatge:\u00a0\u00a0&#8220;Womxn take drugs. Deal with it&#8221;.<\/p>\n","protected":false},"featured_media":952,"comment_status":"open","ping_status":"closed","template":"","meta":{"_links_to":"","_links_to_target":""},"product_cat":[27],"product_tag":[],"class_list":{"0":"post-951","1":"product","2":"type-product","3":"status-publish","4":"has-post-thumbnail","6":"product_cat-productos","8":"first","9":"instock","10":"featured","11":"taxable","12":"shipping-taxable","13":"purchasable","14":"product-type-variable"},"_links":{"self":[{"href":"https:\/\/metzineres.org\/en\/wp-json\/wp\/v2\/product\/951","targetHints":{"allow":["GET"]}}],"collection":[{"href":"https:\/\/metzineres.org\/en\/wp-json\/wp\/v2\/product"}],"about":[{"href":"https:\/\/metzineres.org\/en\/wp-json\/wp\/v2\/types\/product"}],"replies":[{"embeddable":true,"href":"https:\/\/metzineres.org\/en\/wp-json\/wp\/v2\/comments?post=951"}],"wp:featuredmedia":[{"embeddable":true,"href":"https:\/\/metzineres.org\/en\/wp-json\/wp\/v2\/media\/952"}],"wp:attachment":[{"href":"https:\/\/metzineres.org\/en\/wp-json\/wp\/v2\/media?parent=951"}],"wp:term":[{"taxonomy":"product_cat","embeddable":true,"href":"https:\/\/metzineres.org\/en\/wp-json\/wp\/v2\/product_cat?post=951"},{"taxonomy":"product_tag","embeddable":true,"href":"https:\/\/metzineres.org\/en\/wp-json\/wp\/v2\/product_tag?post=951"}],"curies":[{"name":"wp","href":"https:\/\/api.w.org\/{rel}","templated":true}]}}