{"id":375,"date":"2024-07-04T20:34:33","date_gmt":"2024-07-04T20:34:33","guid":{"rendered":"https:\/\/metzineres.org\/?page_id=375"},"modified":"2024-12-30T21:53:53","modified_gmt":"2024-12-30T21:53:53","slug":"investigacion","status":"publish","type":"page","link":"https:\/\/metzineres.org\/es\/investigacion\/","title":{"rendered":"Investigaci\u00f3n"},"content":{"rendered":"\t\t<div data-elementor-type=\"wp-page\" data-elementor-id=\"375\" class=\"elementor elementor-375\">\n\t\t\t\t\t\t\t\t\t<section class=\"elementor-section elementor-top-section elementor-element elementor-element-17276f0 elementor-section-full_width elementor-section-stretched elementor-section-height-default elementor-section-height-default\" data-id=\"17276f0\" data-element_type=\"section\" data-settings=\"{&quot;stretch_section&quot;:&quot;section-stretched&quot;,&quot;background_background&quot;:&quot;classic&quot;}\">\n\t\t\t\t\t\t\t<div class=\"elementor-background-overlay\"><\/div>\n\t\t\t\t\t\t\t<div class=\"elementor-container elementor-column-gap-no\">\n\t\t\t\t\t<div class=\"aux-parallax-section elementor-column elementor-col-100 elementor-top-column elementor-element elementor-element-54c8a30\" data-id=\"54c8a30\" data-element_type=\"column\" data-settings=\"{&quot;background_background&quot;:&quot;classic&quot;}\">\n\t\t\t<div class=\"elementor-widget-wrap elementor-element-populated\">\n\t\t\t\t\t<div class=\"elementor-background-overlay\"><\/div>\n\t\t\t\t\t\t\t\t<div class=\"elementor-element elementor-element-70c2915 elementor-widget elementor-widget-heading\" data-id=\"70c2915\" data-element_type=\"widget\" data-widget_type=\"heading.default\">\n\t\t\t\t<div class=\"elementor-widget-container\">\n\t\t\t<style>\/*! elementor - v3.6.5 - 27-04-2022 *\/\n.elementor-heading-title{padding:0;margin:0;line-height:1}.elementor-widget-heading .elementor-heading-title[class*=elementor-size-]>a{color:inherit;font-size:inherit;line-height:inherit}.elementor-widget-heading .elementor-heading-title.elementor-size-small{font-size:15px}.elementor-widget-heading .elementor-heading-title.elementor-size-medium{font-size:19px}.elementor-widget-heading .elementor-heading-title.elementor-size-large{font-size:29px}.elementor-widget-heading .elementor-heading-title.elementor-size-xl{font-size:39px}.elementor-widget-heading .elementor-heading-title.elementor-size-xxl{font-size:59px}<\/style><h1 class=\"elementor-heading-title elementor-size-default\">Investigaci\u00f3n<\/h1>\t\t<\/div>\n\t\t\t\t<\/div>\n\t\t\t\t\t<\/div>\n\t\t<\/div>\n\t\t\t\t\t\t\t<\/div>\n\t\t<\/section>\n\t\t\t\t<section class=\"elementor-section elementor-top-section elementor-element elementor-element-1ae1ee5 elementor-section-boxed elementor-section-height-default elementor-section-height-default\" data-id=\"1ae1ee5\" data-element_type=\"section\">\n\t\t\t\t\t\t<div class=\"elementor-container elementor-column-gap-default\">\n\t\t\t\t\t<div class=\"aux-parallax-section elementor-column elementor-col-100 elementor-top-column elementor-element elementor-element-11d6a03\" data-id=\"11d6a03\" data-element_type=\"column\">\n\t\t\t<div class=\"elementor-widget-wrap elementor-element-populated\">\n\t\t\t\t\t\t\t\t<div class=\"elementor-element elementor-element-d0fdffe elementor-widget elementor-widget-heading\" data-id=\"d0fdffe\" data-element_type=\"widget\" data-widget_type=\"heading.default\">\n\t\t\t\t<div class=\"elementor-widget-container\">\n\t\t\t<h1 class=\"elementor-heading-title elementor-size-default\">Generamos evidencia, gestionamos conocimiento<\/h1>\t\t<\/div>\n\t\t\t\t<\/div>\n\t\t\t\t<div class=\"elementor-element elementor-element-59b2f6e elementor-widget elementor-widget-text-editor\" data-id=\"59b2f6e\" data-element_type=\"widget\" data-widget_type=\"text-editor.default\">\n\t\t\t\t<div class=\"elementor-widget-container\">\n\t\t\t<style>\/*! elementor - v3.6.5 - 27-04-2022 *\/\n.elementor-widget-text-editor.elementor-drop-cap-view-stacked .elementor-drop-cap{background-color:#818a91;color:#fff}.elementor-widget-text-editor.elementor-drop-cap-view-framed .elementor-drop-cap{color:#818a91;border:3px solid;background-color:transparent}.elementor-widget-text-editor:not(.elementor-drop-cap-view-default) .elementor-drop-cap{margin-top:8px}.elementor-widget-text-editor:not(.elementor-drop-cap-view-default) .elementor-drop-cap-letter{width:1em;height:1em}.elementor-widget-text-editor .elementor-drop-cap{float:left;text-align:center;line-height:1;font-size:50px}.elementor-widget-text-editor .elementor-drop-cap-letter{display:inline-block}<\/style>\t\t\t\t<p class=\"mb-40\">La responsabilidad de originar informaci\u00f3n genuina, cuidadosa y actualizada sobre\u00a0<strong><span class=\"tooltip-txt tooltipv1\" title=\"\" data-toggle=\"tooltip\" data-placement=\"bottom\" data-original-title=\"Usamos el t\u00e9rmino &quot;Mujerxs&quot; para hacer referencia a mujeres CIS, mujeres trans y personas de g\u00e9nero diverso.\">mujerxs<\/span><\/strong>\u00a0que usan drogas sobreviviendo violencias nos hace dotar de instrumentos de investigaci\u00f3n no intrusivos, respetuosos de intimidad, confidencialidad y anonimato.<\/p><p class=\"mb-40\">Generamos y damos seguimiento a indicadores, a partir de elementos significativos por las\u00a0<strong><span class=\"tooltip-txt tooltipv1\" title=\"\" data-toggle=\"tooltip\" data-placement=\"bottom\" data-original-title=\"Usamos el t\u00e9rmino &quot;Mujerxs&quot; para hacer referencia a mujeres CIS, mujeres trans y personas de g\u00e9nero diverso.\">mujerxs<\/span><\/strong>, que dan cuenta de sus realidades y del impacto de las pol\u00edticas y pr\u00e1cticas que inciden en su cotidianidad, as\u00ed como de las propias actuaciones de Metzineres.<\/p><p class=\"mb-40\">Aplicar la monitorizaci\u00f3n como proceso rutinario, m\u00e1s que de manera finalista, permite conocer la disponibilidad, la cobertura, la calidad y la relevancia de las intervenciones. Haciendo una revisi\u00f3n rigurosa se toman decisiones pragm\u00e1ticas para reconfigurar constantemente Metzineres a coyunturas y poblaciones en las que se quiere repercutir.<\/p>\t\t\t\t\t\t<\/div>\n\t\t\t\t<\/div>\n\t\t\t\t\t<\/div>\n\t\t<\/div>\n\t\t\t\t\t\t\t<\/div>\n\t\t<\/section>\n\t\t\t\t<section class=\"elementor-section elementor-top-section elementor-element elementor-element-a701a66 elementor-section-boxed elementor-section-height-default elementor-section-height-default\" data-id=\"a701a66\" data-element_type=\"section\" data-settings=\"{&quot;background_background&quot;:&quot;classic&quot;,&quot;shape_divider_top&quot;:&quot;triangle-asymmetrical&quot;,&quot;shape_divider_bottom&quot;:&quot;triangle-asymmetrical&quot;}\">\n\t\t\t\t\t<div class=\"elementor-shape elementor-shape-top\" data-negative=\"false\">\n\t\t\t<svg xmlns=\"http:\/\/www.w3.org\/2000\/svg\" viewBox=\"0 0 1000 100\" preserveAspectRatio=\"none\">\n\t<path class=\"elementor-shape-fill\" d=\"M738,99l262-93V0H0v5.6L738,99z\"\/>\n<\/svg>\t\t<\/div>\n\t\t\t\t<div class=\"elementor-shape elementor-shape-bottom\" data-negative=\"false\">\n\t\t\t<svg xmlns=\"http:\/\/www.w3.org\/2000\/svg\" viewBox=\"0 0 1000 100\" preserveAspectRatio=\"none\">\n\t<path class=\"elementor-shape-fill\" d=\"M738,99l262-93V0H0v5.6L738,99z\"\/>\n<\/svg>\t\t<\/div>\n\t\t\t\t\t<div class=\"elementor-container elementor-column-gap-default\">\n\t\t\t\t\t<div class=\"aux-parallax-section elementor-column elementor-col-100 elementor-top-column elementor-element elementor-element-e5284a1\" data-id=\"e5284a1\" data-element_type=\"column\">\n\t\t\t<div class=\"elementor-widget-wrap elementor-element-populated\">\n\t\t\t\t\t\t\t\t<div class=\"elementor-element elementor-element-d8e465e elementor-widget elementor-widget-heading\" data-id=\"d8e465e\" data-element_type=\"widget\" data-widget_type=\"heading.default\">\n\t\t\t\t<div class=\"elementor-widget-container\">\n\t\t\t<h1 class=\"elementor-heading-title elementor-size-default\">Algunos datos<\/h1>\t\t<\/div>\n\t\t\t\t<\/div>\n\t\t\t\t\t<\/div>\n\t\t<\/div>\n\t\t\t\t\t\t\t<\/div>\n\t\t<\/section>\n\t\t\t\t<section class=\"elementor-section elementor-top-section elementor-element elementor-element-89c34ea elementor-section-boxed elementor-section-height-default elementor-section-height-default\" data-id=\"89c34ea\" data-element_type=\"section\">\n\t\t\t\t\t\t<div class=\"elementor-container elementor-column-gap-default\">\n\t\t\t\t\t<div class=\"aux-parallax-section elementor-column elementor-col-100 elementor-top-column elementor-element elementor-element-72e76e8\" data-id=\"72e76e8\" data-element_type=\"column\">\n\t\t\t<div class=\"elementor-widget-wrap elementor-element-populated\">\n\t\t\t\t\t\t\t\t<div class=\"elementor-element elementor-element-813b399 elementor-widget elementor-widget-html\" data-id=\"813b399\" data-element_type=\"widget\" data-widget_type=\"html.default\">\n\t\t\t\t<div class=\"elementor-widget-container\">\n\t\t\t<iframe src=\"https:\/\/intranet.metzineres.net\/novaweb\/investigacion-es.html\" \n        style=\"border:0px #ffffff none;\" \n        scrolling=\"no\" \n        frameborder=\"1\" \n        marginheight=\"0px\" \n        marginwidth=\"0px\">\n<\/iframe>\n\n\t\t<\/div>\n\t\t\t\t<\/div>\n\t\t\t\t\t<\/div>\n\t\t<\/div>\n\t\t\t\t\t\t\t<\/div>\n\t\t<\/section>\n\t\t\t\t\t\t\t<\/div>\n\t\t","protected":false},"excerpt":{"rendered":"<p>Investigaci\u00f3n Generamos evidencia, gestionamos conocimiento La responsabilidad de originar informaci\u00f3n genuina, cuidadosa y actualizada sobre\u00a0mujerxs\u00a0que usan drogas sobreviviendo violencias nos hace dotar de instrumentos de investigaci\u00f3n no intrusivos, respetuosos de intimidad, confidencialidad y anonimato. Generamos y damos seguimiento a indicadores, a partir de elementos significativos por las\u00a0mujerxs, que dan cuenta de sus realidades y del [&hellip;]<\/p>\n","protected":false},"author":1,"featured_media":0,"parent":0,"menu_order":0,"comment_status":"closed","ping_status":"closed","template":"elementor_header_footer","meta":{"footnotes":"","_links_to":"","_links_to_target":""},"class_list":["post-375","page","type-page","status-publish","hentry"],"_links":{"self":[{"href":"https:\/\/metzineres.org\/es\/wp-json\/wp\/v2\/pages\/375","targetHints":{"allow":["GET"]}}],"collection":[{"href":"https:\/\/metzineres.org\/es\/wp-json\/wp\/v2\/pages"}],"about":[{"href":"https:\/\/metzineres.org\/es\/wp-json\/wp\/v2\/types\/page"}],"author":[{"embeddable":true,"href":"https:\/\/metzineres.org\/es\/wp-json\/wp\/v2\/users\/1"}],"replies":[{"embeddable":true,"href":"https:\/\/metzineres.org\/es\/wp-json\/wp\/v2\/comments?post=375"}],"version-history":[{"count":106,"href":"https:\/\/metzineres.org\/es\/wp-json\/wp\/v2\/pages\/375\/revisions"}],"predecessor-version":[{"id":1933,"href":"https:\/\/metzineres.org\/es\/wp-json\/wp\/v2\/pages\/375\/revisions\/1933"}],"wp:attachment":[{"href":"https:\/\/metzineres.org\/es\/wp-json\/wp\/v2\/media?parent=375"}],"curies":[{"name":"wp","href":"https:\/\/api.w.org\/{rel}","templated":true}]}}