{"id":4761,"date":"2026-03-06T11:34:03","date_gmt":"2026-03-06T11:34:03","guid":{"rendered":"https:\/\/metzineres.org\/?page_id=4761"},"modified":"2026-04-20T21:12:17","modified_gmt":"2026-04-20T21:12:17","slug":"larravalera","status":"publish","type":"page","link":"https:\/\/metzineres.org\/es\/larravalera\/","title":{"rendered":"L&#8217;Arravalera"},"content":{"rendered":"\t\t<div data-elementor-type=\"wp-page\" data-elementor-id=\"4761\" class=\"elementor elementor-4761\">\n\t\t\t\t\t\t\t\t\t<section class=\"elementor-section elementor-top-section elementor-element elementor-element-5960367 elementor-section-content-top elementor-section-boxed elementor-section-height-default elementor-section-height-default\" data-id=\"5960367\" data-element_type=\"section\" data-settings=\"{&quot;background_background&quot;:&quot;classic&quot;}\">\n\t\t\t\t\t\t<div class=\"elementor-container elementor-column-gap-default\">\n\t\t\t\t\t<div class=\"aux-parallax-section elementor-column elementor-col-100 elementor-top-column elementor-element elementor-element-2ea3abd\" data-id=\"2ea3abd\" data-element_type=\"column\">\n\t\t\t<div class=\"elementor-widget-wrap elementor-element-populated\">\n\t\t\t\t\t\t\t\t<div class=\"elementor-element elementor-element-11b745d elementor-widget elementor-widget-image\" data-id=\"11b745d\" data-element_type=\"widget\" data-widget_type=\"image.default\">\n\t\t\t\t<div class=\"elementor-widget-container\">\n\t\t\t<style>\/*! elementor - v3.6.5 - 27-04-2022 *\/\n.elementor-widget-image{text-align:center}.elementor-widget-image a{display:inline-block}.elementor-widget-image a img[src$=\".svg\"]{width:48px}.elementor-widget-image img{vertical-align:middle;display:inline-block}<\/style>\t\t\t\t\t\t\t\t\t\t\t\t<img loading=\"lazy\" decoding=\"async\" width=\"2500\" height=\"826\" src=\"https:\/\/metzineres.org\/wp-content\/uploads\/2026\/03\/web_arrvalera_capsalera.jpg\" class=\"attachment-full size-full\" alt=\"\" srcset=\"https:\/\/metzineres.org\/wp-content\/uploads\/2026\/03\/web_arrvalera_capsalera.jpg 2500w, https:\/\/metzineres.org\/wp-content\/uploads\/2026\/03\/web_arrvalera_capsalera-1536x507.jpg 1536w, https:\/\/metzineres.org\/wp-content\/uploads\/2026\/03\/web_arrvalera_capsalera-2048x677.jpg 2048w, https:\/\/metzineres.org\/wp-content\/uploads\/2026\/03\/web_arrvalera_capsalera-600x198.jpg 600w\" sizes=\"auto, (max-width: 2500px) 100vw, 2500px\" \/>\t\t\t\t\t\t\t\t\t\t\t\t\t\t\t<\/div>\n\t\t\t\t<\/div>\n\t\t\t\t<section class=\"elementor-section elementor-inner-section elementor-element elementor-element-cae657c elementor-section-boxed elementor-section-height-default elementor-section-height-default\" data-id=\"cae657c\" data-element_type=\"section\" data-settings=\"{&quot;background_background&quot;:&quot;classic&quot;}\">\n\t\t\t\t\t\t<div class=\"elementor-container elementor-column-gap-wider\">\n\t\t\t\t\t<div class=\"aux-parallax-section elementor-column elementor-col-50 elementor-inner-column elementor-element elementor-element-9cd8d5b\" data-id=\"9cd8d5b\" data-element_type=\"column\">\n\t\t\t<div class=\"elementor-widget-wrap elementor-element-populated\">\n\t\t\t\t\t\t\t\t<div class=\"elementor-element elementor-element-dd4bca0 elementor-widget elementor-widget-heading\" data-id=\"dd4bca0\" data-element_type=\"widget\" data-widget_type=\"heading.default\">\n\t\t\t\t<div class=\"elementor-widget-container\">\n\t\t\t<style>\/*! elementor - v3.6.5 - 27-04-2022 *\/\n.elementor-heading-title{padding:0;margin:0;line-height:1}.elementor-widget-heading .elementor-heading-title[class*=elementor-size-]>a{color:inherit;font-size:inherit;line-height:inherit}.elementor-widget-heading .elementor-heading-title.elementor-size-small{font-size:15px}.elementor-widget-heading .elementor-heading-title.elementor-size-medium{font-size:19px}.elementor-widget-heading .elementor-heading-title.elementor-size-large{font-size:29px}.elementor-widget-heading .elementor-heading-title.elementor-size-xl{font-size:39px}.elementor-widget-heading .elementor-heading-title.elementor-size-xxl{font-size:59px}<\/style><h1 class=\"elementor-heading-title elementor-size-default\">\u00bfQui\u00e9nes somos?<\/h1>\t\t<\/div>\n\t\t\t\t<\/div>\n\t\t\t\t<div class=\"elementor-element elementor-element-3a2596f elementor-widget__width-auto elementor-widget elementor-widget-text-editor\" data-id=\"3a2596f\" data-element_type=\"widget\" data-widget_type=\"text-editor.default\">\n\t\t\t\t<div class=\"elementor-widget-container\">\n\t\t\t<style>\/*! elementor - v3.6.5 - 27-04-2022 *\/\n.elementor-widget-text-editor.elementor-drop-cap-view-stacked .elementor-drop-cap{background-color:#818a91;color:#fff}.elementor-widget-text-editor.elementor-drop-cap-view-framed .elementor-drop-cap{color:#818a91;border:3px solid;background-color:transparent}.elementor-widget-text-editor:not(.elementor-drop-cap-view-default) .elementor-drop-cap{margin-top:8px}.elementor-widget-text-editor:not(.elementor-drop-cap-view-default) .elementor-drop-cap-letter{width:1em;height:1em}.elementor-widget-text-editor .elementor-drop-cap{float:left;text-align:center;line-height:1;font-size:50px}.elementor-widget-text-editor .elementor-drop-cap-letter{display:inline-block}<\/style>\t\t\t\t<div id=\"meta-origin\" data-coolorigin=\"https%3A%2F%2Fcollabora.metzineres.net%2Fcool%2Fclipboard%3FWOPISrc%3Dhttps%253A%252F%252Fmetzineres.maadix.org%252Fnextcloud%252Findex.php%252Fapps%252Frichdocuments%252Fwopi%252Ffiles%252F1116005_ocz6i417xsq8%26ServerId%3D5891e8ba%26ViewId%3D4%26Tag%3D9348a3c09d7894d0\"><p class=\"western\" align=\"left\"><strong>L\u2019Arravalera es un espacio para conspirar, crear y construir comunidad juntxs.<\/strong><\/p><p class=\"western\" align=\"left\">Tejemos redes a partir del arte, la cultura y la divulgaci\u00f3n. Desde el pensamiento cr\u00edtico y art\u00edstico, y tambi\u00e9n desde la tecnolog\u00eda y el mundo digital, nos organizamos y construimos alianzas de solidaridad, generando di\u00e1logo entre las comunidades locales y las personas visitantes.<\/p><p class=\"western\" align=\"left\">Desde la creatividad y la experimentaci\u00f3n, L\u2019Arravalera es tambi\u00e9n un espacio de encuentro y de memoria de la historia y la contracultura del\/los Raval(es). Reivindicamos las comunidades de los m\u00e1rgenes, su creatividad y sus saberes para sobrevivir en unas ciudades cada vez m\u00e1s turistificadas y gentrificadas.<\/p><\/div>\t\t\t\t\t\t<\/div>\n\t\t\t\t<\/div>\n\t\t\t\t\t<\/div>\n\t\t<\/div>\n\t\t\t\t<div class=\"aux-parallax-section elementor-column elementor-col-50 elementor-inner-column elementor-element elementor-element-5d7b168\" data-id=\"5d7b168\" data-element_type=\"column\">\n\t\t\t<div class=\"elementor-widget-wrap elementor-element-populated\">\n\t\t\t\t\t\t\t\t<div class=\"elementor-element elementor-element-a576791 elementor-widget elementor-widget-image\" data-id=\"a576791\" data-element_type=\"widget\" data-widget_type=\"image.default\">\n\t\t\t\t<div class=\"elementor-widget-container\">\n\t\t\t\t\t\t\t\t\t\t\t\t\t\t\t<img loading=\"lazy\" decoding=\"async\" width=\"500\" height=\"500\" src=\"https:\/\/metzineres.org\/wp-content\/uploads\/2026\/03\/avatar_6_mitja.png\" class=\"attachment-full size-full\" alt=\"\" srcset=\"https:\/\/metzineres.org\/wp-content\/uploads\/2026\/03\/avatar_6_mitja.png 500w, https:\/\/metzineres.org\/wp-content\/uploads\/2026\/03\/avatar_6_mitja-300x300.png 300w, https:\/\/metzineres.org\/wp-content\/uploads\/2026\/03\/avatar_6_mitja-150x150.png 150w, https:\/\/metzineres.org\/wp-content\/uploads\/2026\/03\/avatar_6_mitja-100x100.png 100w\" sizes=\"auto, (max-width: 500px) 100vw, 500px\" \/>\t\t\t\t\t\t\t\t\t\t\t\t\t\t\t<\/div>\n\t\t\t\t<\/div>\n\t\t\t\t<div class=\"elementor-element elementor-element-5b228f0 elementor-widget elementor-widget-text-editor\" data-id=\"5b228f0\" data-element_type=\"widget\" data-widget_type=\"text-editor.default\">\n\t\t\t\t<div class=\"elementor-widget-container\">\n\t\t\t\t\t\t\t<p>Mi\u00e9rcoles y Viernes de 17 a 20 h.<br \/>S\u00e1bado de 12 a 15 h.<\/p><p>Calle de la Lluna, 20<br \/>Raval &#8211; Barcelona.\u00a0<\/p><p>larravalera@metzineres.org<br \/>Instagram @larravalera<\/p>\t\t\t\t\t\t<\/div>\n\t\t\t\t<\/div>\n\t\t\t\t\t<\/div>\n\t\t<\/div>\n\t\t\t\t\t\t\t<\/div>\n\t\t<\/section>\n\t\t\t\t<section class=\"elementor-section elementor-inner-section elementor-element elementor-element-66f66b6 elementor-section-full_width elementor-section-height-default elementor-section-height-default\" data-id=\"66f66b6\" data-element_type=\"section\" data-settings=\"{&quot;background_background&quot;:&quot;classic&quot;}\">\n\t\t\t\t\t\t<div class=\"elementor-container elementor-column-gap-default\">\n\t\t\t\t\t<div class=\"aux-parallax-section elementor-column elementor-col-100 elementor-inner-column elementor-element elementor-element-2d6f9be\" data-id=\"2d6f9be\" data-element_type=\"column\">\n\t\t\t<div class=\"elementor-widget-wrap elementor-element-populated\">\n\t\t\t\t\t\t\t\t<div class=\"elementor-element elementor-element-0ae45bd elementor-widget elementor-widget-heading\" data-id=\"0ae45bd\" data-element_type=\"widget\" data-widget_type=\"heading.default\">\n\t\t\t\t<div class=\"elementor-widget-container\">\n\t\t\t<h1 class=\"elementor-heading-title elementor-size-default\">\u00bfQUIERES PARTICIPAR?<\/h1>\t\t<\/div>\n\t\t\t\t<\/div>\n\t\t\t\t<div class=\"elementor-element elementor-element-0e810d2 elementor-widget elementor-widget-text-editor\" data-id=\"0e810d2\" data-element_type=\"widget\" data-widget_type=\"text-editor.default\">\n\t\t\t\t<div class=\"elementor-widget-container\">\n\t\t\t\t\t\t\t<p>Estamos buscando aliadxs interesadxs en proponer actividades: exposiciones, charlas, festivales, cursos, talleres, showcases, performances, encuentros y otros formatos que inviten a hacer comunidad y barrio. Completa el siguiente formulario y nos pondremos en contacto contigo \ud83d\ude42<\/p><p><a style=\"color: inherit;\" href=\"https:\/\/forms.gle\/zkYzzsu3q9JrCFtMA\" target=\"_blank\" rel=\"noopener noreferrer nofollow\">\u00a1PARTICIPA!<\/a><\/p>\t\t\t\t\t\t<\/div>\n\t\t\t\t<\/div>\n\t\t\t\t\t<\/div>\n\t\t<\/div>\n\t\t\t\t\t\t\t<\/div>\n\t\t<\/section>\n\t\t\t\t\t<\/div>\n\t\t<\/div>\n\t\t\t\t\t\t\t<\/div>\n\t\t<\/section>\n\t\t\t\t\t\t\t<\/div>\n\t\t","protected":false},"excerpt":{"rendered":"<p>\u00bfQui\u00e9nes somos? L\u2019Arravalera es un espacio para conspirar, crear y construir comunidad juntxs. Tejemos redes a partir del arte, la cultura y la divulgaci\u00f3n. Desde el pensamiento cr\u00edtico y art\u00edstico, y tambi\u00e9n desde la tecnolog\u00eda y el mundo digital, nos organizamos y construimos alianzas de solidaridad, generando di\u00e1logo entre las comunidades locales y las personas [&hellip;]<\/p>\n","protected":false},"author":2,"featured_media":4981,"parent":0,"menu_order":0,"comment_status":"closed","ping_status":"closed","template":"templates\/page-builder-content.php","meta":{"footnotes":"","_links_to":"","_links_to_target":""},"class_list":["post-4761","page","type-page","status-publish","has-post-thumbnail","hentry"],"_links":{"self":[{"href":"https:\/\/metzineres.org\/es\/wp-json\/wp\/v2\/pages\/4761","targetHints":{"allow":["GET"]}}],"collection":[{"href":"https:\/\/metzineres.org\/es\/wp-json\/wp\/v2\/pages"}],"about":[{"href":"https:\/\/metzineres.org\/es\/wp-json\/wp\/v2\/types\/page"}],"author":[{"embeddable":true,"href":"https:\/\/metzineres.org\/es\/wp-json\/wp\/v2\/users\/2"}],"replies":[{"embeddable":true,"href":"https:\/\/metzineres.org\/es\/wp-json\/wp\/v2\/comments?post=4761"}],"version-history":[{"count":106,"href":"https:\/\/metzineres.org\/es\/wp-json\/wp\/v2\/pages\/4761\/revisions"}],"predecessor-version":[{"id":5418,"href":"https:\/\/metzineres.org\/es\/wp-json\/wp\/v2\/pages\/4761\/revisions\/5418"}],"wp:featuredmedia":[{"embeddable":true,"href":"https:\/\/metzineres.org\/es\/wp-json\/wp\/v2\/media\/4981"}],"wp:attachment":[{"href":"https:\/\/metzineres.org\/es\/wp-json\/wp\/v2\/media?parent=4761"}],"curies":[{"name":"wp","href":"https:\/\/api.w.org\/{rel}","templated":true}]}}